{"id":6544,"date":"2023-11-10T14:29:55","date_gmt":"2023-11-10T19:29:55","guid":{"rendered":"https:\/\/vaillancourtea.com\/?page_id=6544"},"modified":"2023-12-13T22:32:54","modified_gmt":"2023-12-14T03:32:54","slug":"what-to-do-in-saint-eustache","status":"publish","type":"page","link":"https:\/\/vaillancourtea.com\/en\/proprietes-par-region\/saint-eustache\/what-to-do-in-saint-eustache\/","title":{"rendered":"What to do in Saint-Eustache?"},"content":{"rendered":"<p><div id=\"attachment_6542\" style=\"width: 1034px\" class=\"wp-caption aligncenter\"><img loading=\"lazy\" decoding=\"async\" aria-describedby=\"caption-attachment-6542\" class=\"wp-image-6542 size-full\" src=\"https:\/\/vaillancourtea.com\/files\/2023\/11\/ville-de-saint-eustache_modifie.jpg\" alt=\"Ville de Saint-Eustache\" width=\"1024\" height=\"683\" srcset=\"https:\/\/vaillancourtea.com\/files\/2023\/11\/ville-de-saint-eustache_modifie.jpg 1024w, https:\/\/vaillancourtea.com\/files\/2023\/11\/ville-de-saint-eustache_modifie-300x200.jpg 300w, https:\/\/vaillancourtea.com\/files\/2023\/11\/ville-de-saint-eustache_modifie-768x512.jpg 768w\" sizes=\"auto, (max-width: 1024px) 100vw, 1024px\" \/><p id=\"caption-attachment-6542\" class=\"wp-caption-text\">Source : City of Saint-Eustache<\/p><\/div><\/p>\n<p>Working in the Saint-Eustache region, I often have the opportunity to go for a walk, store, go to a restaurant, attend a cultural event or simply stroll through a park. So I know St-Eustache well enough to be able to suggest some interesting activities and destinations. My name is Chantal Vaillancourt, <span style=\"color: #0000ff;\"><strong><a style=\"color: #0000ff;\" href=\"https:\/\/vaillancourtea.com\/en\/proprietes-par-region\/saint-eustache\/\">real estate broker in Saint-Eustache<\/a><\/strong><\/span>, and here are <strong>my Saint-Eustache favorites<\/strong> to help you have a good time and take full advantage of all that this typical municipality of the Lower Laurentians has to offer.<\/p>\n<h2>Historic destination<\/h2>\n<p><strong>Do you love history?<\/strong> Then be sure to visit <a href=\"https:\/\/www.vieuxsainteustache.com\/attrait\/espace-museal-du-manoir-globensky\/\"><strong>Manoir Globensky<\/strong><\/a>. This former seigniorial manor house (1861-1865) now houses the <a href=\"https:\/\/www.saint-eustache.ca\/citoyens-arts-et-culture\/maison-de-la-culture-et-du-patrimoine-manoir-globensky\">Maison de la culture et du patrimoine de Saint-Eustache<\/a> and the <a href=\"https:\/\/www.vieuxsainteustache.com\/attrait\/espace-museal-du-manoir-globensky\/\">Espace mus\u00e9al du manoir Globensky<\/a>. As part of your expedition, you&#8217;ll discover the oldest flour mill in North America still in operation, powered exclusively by water! I&#8217;m talking, of course, about the <span style=\"color: #0000ff;\"><strong>L\u00e9gar\u00e9 Mill<\/strong><\/span> (1762). Finally, immerse yourself in Quebec&#8217;s political history with a visit to the <a href=\"https:\/\/www.vieuxsainteustache.com\/attrait\/maison-chenier-sauve\/\"><span style=\"color: #0000ff;\"><strong>Ch\u00e9nier-Sauv\u00e9 House<\/strong><\/span><\/a>, a must-see heritage site in Old Saint-Eustache. With these three destinations, you can learn more about the region&#8217;s fascinating history. You&#8217;ll discover exhibits and artifacts that tell the story of Saint-Eustache and its inhabitants.<\/p>\n<p>Clip video de M. Nadeau<\/p>\n<h2><strong>Outdoors destination\u00a0<\/strong><\/h2>\n<p><strong>For outdoor enthusiasts<\/strong>: looking for a place to enjoy nature and escape the stresses of everyday life? Look no further than Saint-Eustache, a town located just 30 minutes from Montreal, which offers a multitude of outdoor activities for all tastes and levels. For starters, there&#8217;s the <span style=\"color: #0000ff;\"><strong><a style=\"color: #0000ff;\" href=\"https:\/\/www.saint-eustache.ca\/citoyens-sport-et-plein-air\/parc-nature-saint-eustache\">Parc Nature Saint-Eustache<\/a><\/strong><\/span>, which now includes the Richard-Giroux cross-country ski and snowshoe trails. Then there&#8217;s <a href=\"https:\/\/www.basseslaurentides.com\/attrait-touristique\/promenade-paul-sauve\"><strong>promenade Paul-Sauv\u00e9<\/strong><\/a> on the banks of the Rivi\u00e8re des Mille \u00celes. This park offers a splendid view of the Rivi\u00e8re des Mille-\u00celes and is a great place to take a stroll. In summer, the descent can be used for water-based activities. There&#8217;s also the <span style=\"color: #0000ff;\"><a style=\"color: #0000ff;\" href=\"https:\/\/www.parc-mille-iles.qc.ca\/activites\/pagayez-dans-les-bayous\/\"><strong>Parc de la Rivi\u00e8re-des-Mille-\u00celes, Secteur Parc Bois\u00e9 des Moissons<\/strong><\/a><\/span>: near several small islands, discover new landscapes and explore unexplored shores. Enjoy the best that nature has to offer in the Parc Bois\u00e9 des Moissons sector, home to some of the region&#8217;s greatest biodiversity. Venture into the bayous nestled between the islands. And don&#8217;t forget the famous <span style=\"color: #0000ff;\"><strong><a style=\"color: #0000ff;\" href=\"https:\/\/www.sepaq.com\/pq\/oka\/\">Parc national d\u2019Oka<\/a><\/strong><\/span> (SEPAQ), just a few minutes away. Discover the 40 km of trails that criss-cross an area rich in history and biodiversity. You can admire the <strong>Lac des Deux Montagnes<\/strong>, <strong>Mont Saint-Hilaire<\/strong> and <strong>Mont Roya<\/strong>l. <strong>Parc National Oka<\/strong> also offers canoeing, kayaking, paddleboarding, swimming (beach&#8221;), cross-country skiing and snowshoeing.<\/p>\n<div id=\"attachment_6543\" style=\"width: 874px\" class=\"wp-caption aligncenter\"><img loading=\"lazy\" decoding=\"async\" aria-describedby=\"caption-attachment-6543\" class=\"wp-image-6543 size-full\" src=\"https:\/\/vaillancourtea.com\/files\/2023\/11\/promenade_paulsauve-saint-eustache-2_modifie.jpg\" alt=\"promenade paul-sauv\u00e9\" width=\"864\" height=\"1010\" \/><p id=\"caption-attachment-6543\" class=\"wp-caption-text\">&#8220;Between two property visits, a short walk along Promenade Paul-Sauv\u00e9 is a great way to recharge my batteries,&#8221; says Chantal.<\/p><\/div>\n<h2>Gourmet destination<\/h2>\n<p><strong>Gourmets will be delighted to sample local delicacies<\/strong>. A visit to the <span style=\"color: #0000ff;\"><strong><a style=\"color: #0000ff;\" href=\"https:\/\/www.saint-eustache.ca\/touristes-planifier-son-escapade\/marche-public-du-vieux-saint-eustache\">Old Saint-Eustache Public market<\/a>\u00a0 <\/strong><\/span>is a must. It&#8217;s the ideal place to discover fresh local produce, baked goods and other gourmet specialties. In another article and in her video clip : Chantal reported that there were 11 restaurants serving lunch. There are good restaurants too. You&#8217;ll find them all on <strong><a href=\"https:\/\/fr.tripadvisor.ca\/Restaurants-g1093700-Saint_Eustache_Quebec.html\">Trip Advisor<\/a><\/strong> or <strong><a href=\"https:\/\/www.restomontreal.ca\/s\/?restaurants=meilleurs-10-saint-eustache-saint-eustache&amp;d=91&amp;sort=best&amp;lang=fr\">Resto Montr\u00e9al<\/a><\/strong>.<\/p>\n<div id=\"attachment_6547\" style=\"width: 713px\" class=\"wp-caption aligncenter\"><img loading=\"lazy\" decoding=\"async\" aria-describedby=\"caption-attachment-6547\" class=\"wp-image-6547 size-full\" src=\"https:\/\/vaillancourtea.com\/files\/2023\/11\/restaurants-Saint-Eustache.jpg\" alt=\"restos st-Eustache\" width=\"703\" height=\"404\" srcset=\"https:\/\/vaillancourtea.com\/files\/2023\/11\/restaurants-Saint-Eustache.jpg 703w, https:\/\/vaillancourtea.com\/files\/2023\/11\/restaurants-Saint-Eustache-300x172.jpg 300w\" sizes=\"auto, (max-width: 703px) 100vw, 703px\" \/><p id=\"caption-attachment-6547\" class=\"wp-caption-text\">You can also consult Chantal&#8217;s articles in <span style=\"color: #0000ff;\"><strong><a style=\"color: #0000ff;\" href=\"https:\/\/vaillancourtea.com\/category\/ici-laval-laurentides\/?cat=180\">ICI Laval Laurentides &#8211; Restaurants<\/a><\/strong><\/span>.<\/p><\/div>\n<h2>Cultural destination<\/h2>\n<p>Saint-Eustache&#8217;s cultural scene is dynamic, with artistic and musical events all year round. Here are some of the highlights:<\/p>\n<ul>\n<li><span style=\"color: #0000ff;\"><a style=\"color: #0000ff;\" href=\"https:\/\/www.vieuxsainteustache.com\/attrait\/activites-et-evenements-speciaux-st-eustache\/\">National Patriots&#8217; Day<\/a><\/span><\/li>\n<li><span style=\"color: #0000ff;\"><strong><a style=\"color: #0000ff;\" href=\"https:\/\/www.saint-eustache.ca\/citoyens-art-et-culture-activites-culturelles\/festivals-et-evenements\">Quebec National Holiday<\/a><\/strong><\/span><\/li>\n<li>Les <a href=\"https:\/\/www.saint-eustache.ca\/evenements\"><strong><span style=\"color: #0000ff;\">Mercredis sur la promenade<\/span><\/strong><\/a>, is a series of free outdoor shows presented every Wednesday in August, at 7 p.m., on the Promenade Paul-Sauv\u00e9 behind the Saint-Eustache church (behind 123, rue Saint-Louis). Blues, jazz, opera, popular music and world music are just some of the musical styles you can hear and discover.<\/li>\n<li>Set in the heart of Old Saint-Eustache, the <span style=\"color: #0000ff;\"><strong><a style=\"color: #0000ff;\" href=\"https:\/\/www.festivaldelagalette.com\/\"><span style=\"color: #0000ff;\">Festival de la galette<\/span><\/a><\/strong><\/span> takes place on the third weekend in September, and offers a diverse program for lovers of agri-food, history and culture.<\/li>\n<li>A major cultural &#8220;happening&#8221; taking place at the end of September, the <span style=\"color: #0000ff;\"><strong><a style=\"color: #0000ff;\" href=\"https:\/\/www.journeesdelaculture.qc.ca\/\">Journ\u00e9es de la culture<\/a><\/strong><\/span> aim to raise public awareness of the importance and necessity of greater access to arts and culture for all Quebecers. To this end, interactive, discovery and appreciation activities are offered free of charge to the public.<\/li>\n<li>Le\u00a0<strong style=\"font-weight: var(--cib-type-body1-strong-font-weight);\"><a href=\"https:\/\/www.saint-eustache.ca\/nouveau-gala-prix-semeur-de-culture\">Gala Semeur de culture\u00a0de\u00a0Saint-Eustache<\/a>\u00a0<\/strong>est un \u00e9v\u00e9nement qui c\u00e9l\u00e8bre la vitalit\u00e9 culturelle et honore les artistes, les artisans et les organismes locaux.\u00a0Ce gala sera \u00e9galement ponctu\u00e9 de\u00a0prestations artistiques\u00a0mettant en lumi\u00e8re le talent et le savoir-faire d\u2019artistes de la r\u00e9gion. Une belle occasion de c\u00e9l\u00e9brer la culture locale !<\/li>\n<li>The <strong style=\"font-weight: var(--cib-type-body1-strong-font-weight);\"><a href=\"https:\/\/www.saint-eustache.ca\/nouveau-gala-prix-semeur-de-culture\">Gala Semeur de culture de Saint-Eustache<\/a><\/strong>\u00a0is an event that celebrates cultural vitality and honors local artists, artisans and organizations. The gala will also feature artistic performances highlighting the talent and know-how of local artists. A great opportunity to celebrate local culture!<\/li>\n<li>The <a href=\"https:\/\/www.festivaloperasteustache.com\/\"><span style=\"color: #0000ff;\"><strong>FestivalOp\u00e9ra de Saint-Eustache<\/strong><\/span><\/a>, which has become a fixture in the Lower Laurentians, aims to democratize the art of opera, offering a rich, diversified and high-quality program in formats accessible to all.<\/li>\n<li>Last but not least, <span style=\"color: #0000ff;\"><strong><a style=\"color: #0000ff;\" href=\"https:\/\/lapetiteeglise.com\/\">La petite \u00e9glise Cabaret Spectacle<\/a><\/strong><\/span> offers quality concerts and theatrical performances all year round.<\/li>\n<\/ul>\n<h2>Destination Flea Market\/Cin\u00e9-Parc<\/h2>\n<p>Finally, stop by the<span style=\"color: #0000ff;\"><strong><a style=\"color: #0000ff;\" href=\"https:\/\/mathers.ca\/marche-aux-puces\"> Saint-Eustache flea market<\/a><\/strong><\/span>, the largest in Quebec, for unique treasures and souvenirs of your visit. Open year-round on weekends, this vast, eclectic flea market is set up both indoors and outdoors. And don&#8217;t forget to visit the <strong><span style=\"color: #0000ff;\"><a style=\"color: #0000ff;\" href=\"https:\/\/mathers.ca\/cine-parc\">Cin\u00e9-Parc Saint-Eustache<\/a><\/span><\/strong> in the evening!<\/p>\n<div id=\"attachment_6552\" style=\"width: 650px\" class=\"wp-caption aligncenter\"><img loading=\"lazy\" decoding=\"async\" aria-describedby=\"caption-attachment-6552\" class=\"wp-image-6552 size-full\" src=\"https:\/\/vaillancourtea.com\/files\/2023\/11\/cine-parc-saint-eustache.jpg\" alt=\"march\u00e9 aux puces de Saint-Eustache\" width=\"640\" height=\"366\" \/><p id=\"caption-attachment-6552\" class=\"wp-caption-text\">See also Chantal&#8217;s report (in french): <a href=\"https:\/\/www.youtube.com\/watch?v=eLBlvkGZGJo&amp;t=1s\">Le Centre Sportif Mathers de Saint-Eustache<\/a>.<\/p><\/div>\n<p>In short, Saint-Eustache offers a wide variety of activities for all tastes and ages. Whether you&#8217;re interested in culture, nature, gastronomy or outdoor recreation, you&#8217;re sure to have a great time in this beautiful town in the Lower Laurentians.<\/p>\n<hr \/>\n<h2>Discover other pages about Saint-Eustache:<\/h2>\n<h3><span style=\"color: #0000ff;\"><strong>What are the advantages and disadvantages of living in Saint-Eustache?<\/strong><\/span><\/h3>\n<p>&nbsp;<\/p>","protected":false},"excerpt":{"rendered":"<p>Working in the Saint-Eustache region, I often have the opportunity to go for a walk, store, go to a restaurant, attend a cultural event or simply stroll through a park. So I know St-Eustache well enough to be able to suggest some interesting activities and destinations. My name is Chantal Vaillancourt, real estate broker in [&hellip;]<\/p>\n","protected":false},"author":121,"featured_media":0,"parent":3381,"menu_order":0,"comment_status":"closed","ping_status":"closed","template":"","meta":{"_acf_changed":false,"footnotes":""},"class_list":["post-6544","page","type-page","status-publish","hentry"],"acf":[],"yoast_head":"<!-- This site is optimized with the Yoast SEO plugin v26.7 - https:\/\/yoast.com\/wordpress\/plugins\/seo\/ -->\n<title>What to do in Saint-Eustache? | Vaillancourt et Ass. | Courtier immobilier Laval - Rive-Nord<\/title>\n<meta name=\"robots\" content=\"index, follow, max-snippet:-1, max-image-preview:large, max-video-preview:-1\" \/>\n<link rel=\"canonical\" href=\"https:\/\/vaillancourtea.com\/proprietes-par-region\/saint-eustache\/what-to-do-in-saint-eustache\/\" \/>\n<meta property=\"og:locale\" content=\"en_US\" \/>\n<meta property=\"og:type\" content=\"article\" \/>\n<meta property=\"og:title\" content=\"What to do in Saint-Eustache? | Vaillancourt et Ass. | Courtier immobilier Laval - Rive-Nord\" \/>\n<meta property=\"og:description\" content=\"Working in the Saint-Eustache region, I often have the opportunity to go for a walk, store, go to a restaurant, attend a cultural event or simply stroll through a park. So I know St-Eustache well enough to be able to suggest some interesting activities and destinations. My name is Chantal Vaillancourt, real estate broker in [&hellip;]\" \/>\n<meta property=\"og:url\" content=\"https:\/\/vaillancourtea.com\/proprietes-par-region\/saint-eustache\/what-to-do-in-saint-eustache\/\" \/>\n<meta property=\"og:site_name\" content=\"Vaillancourt et Ass. | Courtier immobilier Laval - Rive-Nord\" \/>\n<meta property=\"article:modified_time\" content=\"2023-12-14T03:32:54+00:00\" \/>\n<meta property=\"og:image\" content=\"https:\/\/vaillancourtea.com\/files\/2023\/11\/ville-de-saint-eustache_modifie.jpg\" \/>\n<meta name=\"twitter:card\" content=\"summary_large_image\" \/>\n<meta name=\"twitter:label1\" content=\"Est. reading time\" \/>\n\t<meta name=\"twitter:data1\" content=\"6 minutes\" \/>\n<script type=\"application\/ld+json\" class=\"yoast-schema-graph\">{\"@context\":\"https:\/\/schema.org\",\"@graph\":[{\"@type\":\"WebPage\",\"@id\":\"https:\/\/vaillancourtea.com\/proprietes-par-region\/saint-eustache\/what-to-do-in-saint-eustache\/\",\"url\":\"https:\/\/vaillancourtea.com\/proprietes-par-region\/saint-eustache\/what-to-do-in-saint-eustache\/\",\"name\":\"[:fr]Quoi faire \u00e0 Saint-Eustache ? [:en]What to do in Saint-Eustache?[:] | Vaillancourt et Ass. | Courtier immobilier Laval - Rive-Nord\",\"isPartOf\":{\"@id\":\"https:\/\/vaillancourtea.com\/#website\"},\"primaryImageOfPage\":{\"@id\":\"https:\/\/vaillancourtea.com\/proprietes-par-region\/saint-eustache\/what-to-do-in-saint-eustache\/#primaryimage\"},\"image\":{\"@id\":\"https:\/\/vaillancourtea.com\/proprietes-par-region\/saint-eustache\/what-to-do-in-saint-eustache\/#primaryimage\"},\"thumbnailUrl\":\"https:\/\/vaillancourtea.com\/files\/2023\/11\/ville-de-saint-eustache_modifie.jpg\",\"datePublished\":\"2023-11-10T19:29:55+00:00\",\"dateModified\":\"2023-12-14T03:32:54+00:00\",\"breadcrumb\":{\"@id\":\"https:\/\/vaillancourtea.com\/proprietes-par-region\/saint-eustache\/what-to-do-in-saint-eustache\/#breadcrumb\"},\"inLanguage\":\"en-US\",\"potentialAction\":[{\"@type\":\"ReadAction\",\"target\":[\"https:\/\/vaillancourtea.com\/proprietes-par-region\/saint-eustache\/what-to-do-in-saint-eustache\/\"]}]},{\"@type\":\"ImageObject\",\"inLanguage\":\"en-US\",\"@id\":\"https:\/\/vaillancourtea.com\/proprietes-par-region\/saint-eustache\/what-to-do-in-saint-eustache\/#primaryimage\",\"url\":\"https:\/\/vaillancourtea.com\/files\/2023\/11\/ville-de-saint-eustache_modifie.jpg\",\"contentUrl\":\"https:\/\/vaillancourtea.com\/files\/2023\/11\/ville-de-saint-eustache_modifie.jpg\"},{\"@type\":\"BreadcrumbList\",\"@id\":\"https:\/\/vaillancourtea.com\/proprietes-par-region\/saint-eustache\/what-to-do-in-saint-eustache\/#breadcrumb\",\"itemListElement\":[{\"@type\":\"ListItem\",\"position\":1,\"name\":\"Accueil\",\"item\":\"https:\/\/vaillancourtea.com\/\"},{\"@type\":\"ListItem\",\"position\":2,\"name\":\"Propri\u00e9t\u00e9s par r\u00e9gion\",\"item\":\"https:\/\/vaillancourtea.com\/proprietes-par-region\/\"},{\"@type\":\"ListItem\",\"position\":3,\"name\":\"Saint-Eustache\",\"item\":\"https:\/\/vaillancourtea.com\/proprietes-par-region\/saint-eustache\/\"},{\"@type\":\"ListItem\",\"position\":4,\"name\":\"Quoi faire \u00e0 Saint-Eustache ?\"}]},{\"@type\":\"WebSite\",\"@id\":\"https:\/\/vaillancourtea.com\/#website\",\"url\":\"https:\/\/vaillancourtea.com\/\",\"name\":\"Vaillancourt et Ass. | Courtier immobilier Laval - Rive-Nord\",\"description\":\"\",\"publisher\":{\"@id\":\"https:\/\/vaillancourtea.com\/#organization\"},\"potentialAction\":[{\"@type\":\"SearchAction\",\"target\":{\"@type\":\"EntryPoint\",\"urlTemplate\":\"https:\/\/vaillancourtea.com\/?s={search_term_string}\"},\"query-input\":{\"@type\":\"PropertyValueSpecification\",\"valueRequired\":true,\"valueName\":\"search_term_string\"}}],\"inLanguage\":\"en-US\"},{\"@type\":\"Organization\",\"@id\":\"https:\/\/vaillancourtea.com\/#organization\",\"name\":\"Chantal Vaillancourt, Courtier immobilier r\u00e9sidentiel\",\"url\":\"https:\/\/vaillancourtea.com\/\",\"logo\":{\"@type\":\"ImageObject\",\"inLanguage\":\"en-US\",\"@id\":\"https:\/\/vaillancourtea.com\/#\/schema\/logo\/image\/\",\"url\":\"https:\/\/vaillancourtea.com\/files\/2018\/11\/RP_Logo.png\",\"contentUrl\":\"https:\/\/vaillancourtea.com\/files\/2018\/11\/RP_Logo.png\",\"width\":168,\"height\":63,\"caption\":\"Chantal Vaillancourt, Courtier immobilier r\u00e9sidentiel\"},\"image\":{\"@id\":\"https:\/\/vaillancourtea.com\/#\/schema\/logo\/image\/\"}}]}<\/script>\n<!-- \/ Yoast SEO plugin. -->","yoast_head_json":{"title":"What to do in Saint-Eustache? | Vaillancourt et Ass. | Courtier immobilier Laval - Rive-Nord","robots":{"index":"index","follow":"follow","max-snippet":"max-snippet:-1","max-image-preview":"max-image-preview:large","max-video-preview":"max-video-preview:-1"},"canonical":"https:\/\/vaillancourtea.com\/proprietes-par-region\/saint-eustache\/what-to-do-in-saint-eustache\/","og_locale":"en_US","og_type":"article","og_title":"What to do in Saint-Eustache? | Vaillancourt et Ass. | Courtier immobilier Laval - Rive-Nord","og_description":"Working in the Saint-Eustache region, I often have the opportunity to go for a walk, store, go to a restaurant, attend a cultural event or simply stroll through a park. So I know St-Eustache well enough to be able to suggest some interesting activities and destinations. My name is Chantal Vaillancourt, real estate broker in [&hellip;]","og_url":"https:\/\/vaillancourtea.com\/proprietes-par-region\/saint-eustache\/what-to-do-in-saint-eustache\/","og_site_name":"Vaillancourt et Ass. | Courtier immobilier Laval - Rive-Nord","article_modified_time":"2023-12-14T03:32:54+00:00","og_image":[{"url":"https:\/\/vaillancourtea.com\/files\/2023\/11\/ville-de-saint-eustache_modifie.jpg","type":"","width":"","height":""}],"twitter_card":"summary_large_image","twitter_misc":{"Est. reading time":"6 minutes"},"schema":{"@context":"https:\/\/schema.org","@graph":[{"@type":"WebPage","@id":"https:\/\/vaillancourtea.com\/proprietes-par-region\/saint-eustache\/what-to-do-in-saint-eustache\/","url":"https:\/\/vaillancourtea.com\/proprietes-par-region\/saint-eustache\/what-to-do-in-saint-eustache\/","name":"[:fr]Quoi faire \u00e0 Saint-Eustache ? [:en]What to do in Saint-Eustache?[:] | Vaillancourt et Ass. | Courtier immobilier Laval - Rive-Nord","isPartOf":{"@id":"https:\/\/vaillancourtea.com\/#website"},"primaryImageOfPage":{"@id":"https:\/\/vaillancourtea.com\/proprietes-par-region\/saint-eustache\/what-to-do-in-saint-eustache\/#primaryimage"},"image":{"@id":"https:\/\/vaillancourtea.com\/proprietes-par-region\/saint-eustache\/what-to-do-in-saint-eustache\/#primaryimage"},"thumbnailUrl":"https:\/\/vaillancourtea.com\/files\/2023\/11\/ville-de-saint-eustache_modifie.jpg","datePublished":"2023-11-10T19:29:55+00:00","dateModified":"2023-12-14T03:32:54+00:00","breadcrumb":{"@id":"https:\/\/vaillancourtea.com\/proprietes-par-region\/saint-eustache\/what-to-do-in-saint-eustache\/#breadcrumb"},"inLanguage":"en-US","potentialAction":[{"@type":"ReadAction","target":["https:\/\/vaillancourtea.com\/proprietes-par-region\/saint-eustache\/what-to-do-in-saint-eustache\/"]}]},{"@type":"ImageObject","inLanguage":"en-US","@id":"https:\/\/vaillancourtea.com\/proprietes-par-region\/saint-eustache\/what-to-do-in-saint-eustache\/#primaryimage","url":"https:\/\/vaillancourtea.com\/files\/2023\/11\/ville-de-saint-eustache_modifie.jpg","contentUrl":"https:\/\/vaillancourtea.com\/files\/2023\/11\/ville-de-saint-eustache_modifie.jpg"},{"@type":"BreadcrumbList","@id":"https:\/\/vaillancourtea.com\/proprietes-par-region\/saint-eustache\/what-to-do-in-saint-eustache\/#breadcrumb","itemListElement":[{"@type":"ListItem","position":1,"name":"Accueil","item":"https:\/\/vaillancourtea.com\/"},{"@type":"ListItem","position":2,"name":"Propri\u00e9t\u00e9s par r\u00e9gion","item":"https:\/\/vaillancourtea.com\/proprietes-par-region\/"},{"@type":"ListItem","position":3,"name":"Saint-Eustache","item":"https:\/\/vaillancourtea.com\/proprietes-par-region\/saint-eustache\/"},{"@type":"ListItem","position":4,"name":"Quoi faire \u00e0 Saint-Eustache ?"}]},{"@type":"WebSite","@id":"https:\/\/vaillancourtea.com\/#website","url":"https:\/\/vaillancourtea.com\/","name":"Vaillancourt et Ass. | Courtier immobilier Laval - Rive-Nord","description":"","publisher":{"@id":"https:\/\/vaillancourtea.com\/#organization"},"potentialAction":[{"@type":"SearchAction","target":{"@type":"EntryPoint","urlTemplate":"https:\/\/vaillancourtea.com\/?s={search_term_string}"},"query-input":{"@type":"PropertyValueSpecification","valueRequired":true,"valueName":"search_term_string"}}],"inLanguage":"en-US"},{"@type":"Organization","@id":"https:\/\/vaillancourtea.com\/#organization","name":"Chantal Vaillancourt, Courtier immobilier r\u00e9sidentiel","url":"https:\/\/vaillancourtea.com\/","logo":{"@type":"ImageObject","inLanguage":"en-US","@id":"https:\/\/vaillancourtea.com\/#\/schema\/logo\/image\/","url":"https:\/\/vaillancourtea.com\/files\/2018\/11\/RP_Logo.png","contentUrl":"https:\/\/vaillancourtea.com\/files\/2018\/11\/RP_Logo.png","width":168,"height":63,"caption":"Chantal Vaillancourt, Courtier immobilier r\u00e9sidentiel"},"image":{"@id":"https:\/\/vaillancourtea.com\/#\/schema\/logo\/image\/"}}]}},"_links":{"self":[{"href":"https:\/\/vaillancourtea.com\/en\/wp-json\/wp\/v2\/pages\/6544","targetHints":{"allow":["GET"]}}],"collection":[{"href":"https:\/\/vaillancourtea.com\/en\/wp-json\/wp\/v2\/pages"}],"about":[{"href":"https:\/\/vaillancourtea.com\/en\/wp-json\/wp\/v2\/types\/page"}],"author":[{"embeddable":true,"href":"https:\/\/vaillancourtea.com\/en\/wp-json\/wp\/v2\/users\/121"}],"replies":[{"embeddable":true,"href":"https:\/\/vaillancourtea.com\/en\/wp-json\/wp\/v2\/comments?post=6544"}],"version-history":[{"count":2,"href":"https:\/\/vaillancourtea.com\/en\/wp-json\/wp\/v2\/pages\/6544\/revisions"}],"predecessor-version":[{"id":6839,"href":"https:\/\/vaillancourtea.com\/en\/wp-json\/wp\/v2\/pages\/6544\/revisions\/6839"}],"up":[{"embeddable":true,"href":"https:\/\/vaillancourtea.com\/en\/wp-json\/wp\/v2\/pages\/3381"}],"wp:attachment":[{"href":"https:\/\/vaillancourtea.com\/en\/wp-json\/wp\/v2\/media?parent=6544"}],"curies":[{"name":"wp","href":"https:\/\/api.w.org\/{rel}","templated":true}]}}