{"id":5463,"date":"2022-12-06T10:27:47","date_gmt":"2022-12-06T15:27:47","guid":{"rendered":"https:\/\/vaillancourtea.com\/?page_id=5463"},"modified":"2025-01-27T05:52:42","modified_gmt":"2025-01-27T10:52:42","slug":"avantages-desavantages","status":"publish","type":"page","link":"https:\/\/vaillancourtea.com\/en\/proprietes-par-region\/saint-eustache\/avantages-desavantages\/","title":{"rendered":"What are the advantages and disadvantages of living in Saint-Eustache?"},"content":{"rendered":"<p><div id=\"attachment_6534\" style=\"width: 1034px\" class=\"wp-caption aligncenter\"><img loading=\"lazy\" decoding=\"async\" aria-describedby=\"caption-attachment-6534\" class=\"wp-image-6534 size-full\" src=\"https:\/\/vaillancourtea.com\/files\/2023\/11\/saint-eustache-photo-superbe.jpg\" alt=\"Saint-Eustache ville\" width=\"1024\" height=\"655\" srcset=\"https:\/\/vaillancourtea.com\/files\/2023\/11\/saint-eustache-photo-superbe.jpg 1024w, https:\/\/vaillancourtea.com\/files\/2023\/11\/saint-eustache-photo-superbe-300x192.jpg 300w, https:\/\/vaillancourtea.com\/files\/2023\/11\/saint-eustache-photo-superbe-768x491.jpg 768w\" sizes=\"auto, (max-width: 1024px) 100vw, 1024px\" \/><p id=\"caption-attachment-6534\" class=\"wp-caption-text\"><strong>Source : Ville de Saint-Eustache<\/strong><span style=\"text-align: center; font-size: 16px;\">\u00a0<\/span><\/p><\/div><\/p>\n<h2>Real estate broker Saint-Eustache<\/h2>\n<p>Hello ! My name is Chantal Vaillancourt and I&#8217;m a <span style=\"color: #0000ff;\"><strong>residential real estate broker in Saint-Eustache<\/strong><\/span> with Royal LePAGE. I love exploring and writing about the people, organizations, places and events that characterize Saint-Eustache. I also love helping people buy or sell their property for the best benefit of both parties. If you need a helping hand, call me at 450.314.1992. It will be my pleasure to help you realize your real estate project.<\/p>\n<h2><strong>Living in Saint-Eustache!\u00a0<\/strong><\/h2>\n<p>Saint-Eustache is a beautiful, unpretentious little town of about 47,000 inhabitants (2023) located on the northwestern tip of Laval Island. There are many advantages to living in Saint-Eustache, and not just the fact that the town has 11 breakfast restaurants. 11! Yes, Eustachians really do like to eat breakfast, apparently. In this article, I&#8217;ll introduce you to the pros and cons of living in Saint-Eustache and help you discover this charming town.<\/p>\n<h2><strong>What are the advantages of living in Saint-Eustache?<\/strong><\/h2>\n<p>Ask most residents, and they&#8217;re very satisfied with the city&#8217;s management and services. Here&#8217;s a short list of the city&#8217;s main attractions:<\/p>\n<ul>\n<li>Saint-Eustache Hospital<\/li>\n<li>Guy-B\u00e9lisle library, a magnificent glassed-in library on the waterfront<\/li>\n<li>The ecocenter<\/li>\n<li>Several schools, including 10 preschools and elementary schools and two high schools.<\/li>\n<li>The <strong>Complexe aquatique Saint-Eustache<\/strong> offers a wide range of sporting activities, including a competitive pool and a recreational pool. Open all year round.<\/li>\n<li>The Complexe Walter-Buswell integrates the Florian-Guindon arena and the Paul-Tardif arena. Activities include floor field hockey, floor skating, minor field hockey and lacrosse.<\/li>\n<li>The Complexe multisport Saint-Eustache offers a host of indoor and outdoor sports activities.<\/li>\n<li><strong>Several municipal parks<\/strong> (45) with dozens of ball fields, soccer fields, tennis courts, skating rinks and other physical activity areas. Dozens of skating, walking and cycling rinks and trails, as well as tobogganing areas, cross-country ski trails with 3 routes graded from easy to moderate, and an ecological trail.<\/li>\n<li>Over <strong>73 kilometers of bike paths<\/strong>.<\/li>\n<li>The municipality, located along the<strong> Rivi\u00e8re des Mille \u00celes<\/strong>, offers picturesque landscapes and opportunities for outdoor adventure.\u00a0The <strong>Parc de la Rivi\u00e8re-des-Mille-\u00celes &#8211; Parc Bois\u00e9 des Moissons sector<\/strong> is home to one of the region&#8217;s greatest biodiversities.<\/li>\n<li><strong>The air quality index (AQI) is currently good<\/strong>.<\/li>\n<li><strong>What&#8217;s more, residents benefit from free or very attractive rates for the use of these facilities.<\/strong><\/li>\n<\/ul>\n<p><a href=\"https:\/\/vaillancourtea.com\/proprietes-par-region\/saint-eustache\/avantages-desavantages\/quel-quartier-est-le-meilleure-a-saint-eustache-quebec\/attachment\/promenade_paulsauve-saint-eustache-2_modifie-2\/\" rel=\"attachment wp-att-6654\"><img loading=\"lazy\" decoding=\"async\" class=\"aligncenter wp-image-6654 size-medium\" src=\"https:\/\/vaillancourtea.com\/files\/2023\/12\/promenade_paulsauve-saint-eustache-2_modifie-257x300.jpg\" alt=\"Promenade Paul-Sauv\u00e9\" width=\"257\" height=\"300\" srcset=\"https:\/\/vaillancourtea.com\/files\/2023\/12\/promenade_paulsauve-saint-eustache-2_modifie-257x300.jpg 257w, https:\/\/vaillancourtea.com\/files\/2023\/12\/promenade_paulsauve-saint-eustache-2_modifie-768x898.jpg 768w, https:\/\/vaillancourtea.com\/files\/2023\/12\/promenade_paulsauve-saint-eustache-2_modifie.jpg 864w\" sizes=\"auto, (max-width: 257px) 100vw, 257px\" \/><\/a><\/p>\n<h2>The disadvantages &#8230;<\/h2>\n<p><strong>I see 3 disadvantages of living in Saint-Eustache.<\/strong><\/p>\n<ol>\n<li>Ask residents on Facebook as I did and the #1 complaint is the increase in traffic in recent years. Depending on where you live, you might get frustrated during rush hour. But honestly, it&#8217;s pretty much the same everywhere.<\/li>\n<li>If you like to store for clothes, you&#8217;ll have very few options, apart from a Winners in the North End and a few boutiques in the old, old, old mall, Place Saint-Eustache. Unless you go to Giant Tiger, you&#8217;ll have to go to Boisbriand next door, Rosem\u00e8re or Laval.<\/li>\n<li>Finally, living in Saint-Eustache is much easier by car than by public transit, although it&#8217;s getting better. There&#8217;s now a bus that goes to the Montmorency Metro station in Laval, but if you want to get anywhere else in Laval, it&#8217;s going to be a bit complicated. The train station for the new REM that will one day open in Deux-Montagnes next door, will give you quick access to Montreal. For everything else, there&#8217;s always the bike.<\/li>\n<\/ol>\n<p>This is a brief summary of what you need to know about Saint-Eustache. If I&#8217;ve left anything out, please let us know in the comments.<\/p>\n<p><a href=\"https:\/\/vaillancourtea.com\/proprietes-par-region\/saint-eustache\/attachment\/steustachesmall\/\" rel=\"attachment wp-att-5987\"><img decoding=\"async\" class=\"aligncenter wp-image-5987\" src=\"https:\/\/vaillancourtea.com\/files\/2023\/06\/stEustacheSmall.jpg\" alt=\"\" width=\"1250\" srcset=\"https:\/\/vaillancourtea.com\/files\/2023\/06\/stEustacheSmall.jpg 1250w, https:\/\/vaillancourtea.com\/files\/2023\/06\/stEustacheSmall-300x200.jpg 300w, https:\/\/vaillancourtea.com\/files\/2023\/06\/stEustacheSmall-1024x683.jpg 1024w, https:\/\/vaillancourtea.com\/files\/2023\/06\/stEustacheSmall-768x512.jpg 768w\" sizes=\"(max-width: 1250px) 100vw, 1250px\" \/><\/a><\/p>\n<h2>Need a real estate broker in Saint-Eustache?<\/h2>\n<p>Hello, my name is Chantal Vaillancourt and I&#8217;m a residential real estate broker in the area. If you&#8217;d like to learn more about the Laval and Basses-Laurentides areas, don&#8217;t forget to follow me so you don&#8217;t miss a thing. If you&#8217;re thinking of buying or selling a home and would like someone to guide you through your real estate project, call me at<\/p>\n<div id=\"click_to_dial_wrapper\">\n<p><a title=\"Click to dial with Communicator\" href=\"glocom:\/\/4503141992\">450.314.1992<\/a><\/p>\n<div><\/div>\n<\/div>\n<p>.<br \/>\nAlternatively, follow my blog for other interesting capsules on local people, businesses, organizations and events:\u00a0<strong><a href=\"https:\/\/vaillancourtea.com\/en\/ici-laval-laurentides\/\">Ici Laval Laurentides<\/a><\/strong><\/p>\n<p>Interested in real estate news:\u00a0<strong><a href=\"https:\/\/vaillancourtea.com\/en\/blogue\/\">My real estate blog<\/a><\/strong><\/p>\n<p>Subscribe to my newsletter:<strong>\u00a0Infolettre Ici Laval Laurentides<\/strong><\/p>\n<p><strong><a href=\"https:\/\/vaillancourtea.com\/en\/outils\/evaluation-en-ligne\/\">Evaluate your property<\/a><\/strong>\u00a0online<\/p>\n<p>Follow me on\u00a0<strong><a href=\"https:\/\/www.facebook.com\/icilavallaurentides\/\">Facebook<\/a><\/strong><\/p>","protected":false},"excerpt":{"rendered":"<p>Real estate broker Saint-Eustache Hello ! My name is Chantal Vaillancourt and I&#8217;m a residential real estate broker in Saint-Eustache with Royal LePAGE. I love exploring and writing about the people, organizations, places and events that characterize Saint-Eustache. I also love helping people buy or sell their property for the best benefit of both parties. [&hellip;]<\/p>\n","protected":false},"author":121,"featured_media":0,"parent":3381,"menu_order":0,"comment_status":"closed","ping_status":"closed","template":"","meta":{"_acf_changed":false,"footnotes":""},"class_list":["post-5463","page","type-page","status-publish","hentry"],"acf":[],"yoast_head":"<!-- This site is optimized with the Yoast SEO plugin v26.7 - https:\/\/yoast.com\/wordpress\/plugins\/seo\/ -->\n<title>Vivre \u00e0 Saint-Eustache | Avantages - D\u00e9savantages | Chantal Vaillancourt<\/title>\n<meta name=\"description\" content=\"Quels sont les avantages et les d\u00e9savantages de vivre \u00e0 Saint-Eustache ? Chantal Vaillancourt, courtier immobilier, r\u00e9pond \u00e0 la question.\" \/>\n<meta name=\"robots\" content=\"index, follow, max-snippet:-1, max-image-preview:large, max-video-preview:-1\" \/>\n<link rel=\"canonical\" href=\"https:\/\/vaillancourtea.com\/proprietes-par-region\/saint-eustache\/avantages-desavantages\/\" \/>\n<meta property=\"og:locale\" content=\"en_US\" \/>\n<meta property=\"og:type\" content=\"article\" \/>\n<meta property=\"og:title\" content=\"Vivre \u00e0 Saint-Eustache | Avantages - D\u00e9savantages | Chantal Vaillancourt\" \/>\n<meta property=\"og:description\" content=\"Quels sont les avantages et les d\u00e9savantages de vivre \u00e0 Saint-Eustache ? Chantal Vaillancourt, courtier immobilier, r\u00e9pond \u00e0 la question.\" \/>\n<meta property=\"og:url\" content=\"https:\/\/vaillancourtea.com\/proprietes-par-region\/saint-eustache\/avantages-desavantages\/\" \/>\n<meta property=\"og:site_name\" content=\"Vaillancourt et Ass. | Courtier immobilier Laval - Rive-Nord\" \/>\n<meta property=\"article:modified_time\" content=\"2025-01-27T10:52:42+00:00\" \/>\n<meta property=\"og:image\" content=\"https:\/\/vaillancourtea.com\/files\/2023\/12\/promenade_paulsauve-saint-eustache-2_modifie-257x300.jpg\" \/>\n<meta name=\"twitter:card\" content=\"summary_large_image\" \/>\n<meta name=\"twitter:label1\" content=\"Est. reading time\" \/>\n\t<meta name=\"twitter:data1\" content=\"4 minutes\" \/>\n<script type=\"application\/ld+json\" class=\"yoast-schema-graph\">{\"@context\":\"https:\/\/schema.org\",\"@graph\":[{\"@type\":\"WebPage\",\"@id\":\"https:\/\/vaillancourtea.com\/proprietes-par-region\/saint-eustache\/avantages-desavantages\/\",\"url\":\"https:\/\/vaillancourtea.com\/proprietes-par-region\/saint-eustache\/avantages-desavantages\/\",\"name\":\"Vivre \u00e0 Saint-Eustache | Avantages - D\u00e9savantages | Chantal Vaillancourt\",\"isPartOf\":{\"@id\":\"https:\/\/vaillancourtea.com\/#website\"},\"primaryImageOfPage\":{\"@id\":\"https:\/\/vaillancourtea.com\/proprietes-par-region\/saint-eustache\/avantages-desavantages\/#primaryimage\"},\"image\":{\"@id\":\"https:\/\/vaillancourtea.com\/proprietes-par-region\/saint-eustache\/avantages-desavantages\/#primaryimage\"},\"thumbnailUrl\":\"https:\/\/vaillancourtea.com\/files\/2023\/12\/promenade_paulsauve-saint-eustache-2_modifie-257x300.jpg\",\"datePublished\":\"2022-12-06T15:27:47+00:00\",\"dateModified\":\"2025-01-27T10:52:42+00:00\",\"description\":\"Quels sont les avantages et les d\u00e9savantages de vivre \u00e0 Saint-Eustache ? Chantal Vaillancourt, courtier immobilier, r\u00e9pond \u00e0 la question.\",\"breadcrumb\":{\"@id\":\"https:\/\/vaillancourtea.com\/proprietes-par-region\/saint-eustache\/avantages-desavantages\/#breadcrumb\"},\"inLanguage\":\"en-US\",\"potentialAction\":[{\"@type\":\"ReadAction\",\"target\":[\"https:\/\/vaillancourtea.com\/proprietes-par-region\/saint-eustache\/avantages-desavantages\/\"]}]},{\"@type\":\"ImageObject\",\"inLanguage\":\"en-US\",\"@id\":\"https:\/\/vaillancourtea.com\/proprietes-par-region\/saint-eustache\/avantages-desavantages\/#primaryimage\",\"url\":\"https:\/\/vaillancourtea.com\/files\/2023\/12\/promenade_paulsauve-saint-eustache-2_modifie-257x300.jpg\",\"contentUrl\":\"https:\/\/vaillancourtea.com\/files\/2023\/12\/promenade_paulsauve-saint-eustache-2_modifie-257x300.jpg\"},{\"@type\":\"BreadcrumbList\",\"@id\":\"https:\/\/vaillancourtea.com\/proprietes-par-region\/saint-eustache\/avantages-desavantages\/#breadcrumb\",\"itemListElement\":[{\"@type\":\"ListItem\",\"position\":1,\"name\":\"Accueil\",\"item\":\"https:\/\/vaillancourtea.com\/\"},{\"@type\":\"ListItem\",\"position\":2,\"name\":\"Propri\u00e9t\u00e9s par r\u00e9gion\",\"item\":\"https:\/\/vaillancourtea.com\/proprietes-par-region\/\"},{\"@type\":\"ListItem\",\"position\":3,\"name\":\"Saint-Eustache\",\"item\":\"https:\/\/vaillancourtea.com\/proprietes-par-region\/saint-eustache\/\"},{\"@type\":\"ListItem\",\"position\":4,\"name\":\"Quels sont les avantages et les d\u00e9savantages de vivre \u00e0 Saint-Eustache ?\"}]},{\"@type\":\"WebSite\",\"@id\":\"https:\/\/vaillancourtea.com\/#website\",\"url\":\"https:\/\/vaillancourtea.com\/\",\"name\":\"Vaillancourt et Ass. | Courtier immobilier Laval - Rive-Nord\",\"description\":\"\",\"publisher\":{\"@id\":\"https:\/\/vaillancourtea.com\/#organization\"},\"potentialAction\":[{\"@type\":\"SearchAction\",\"target\":{\"@type\":\"EntryPoint\",\"urlTemplate\":\"https:\/\/vaillancourtea.com\/?s={search_term_string}\"},\"query-input\":{\"@type\":\"PropertyValueSpecification\",\"valueRequired\":true,\"valueName\":\"search_term_string\"}}],\"inLanguage\":\"en-US\"},{\"@type\":\"Organization\",\"@id\":\"https:\/\/vaillancourtea.com\/#organization\",\"name\":\"Chantal Vaillancourt, Courtier immobilier r\u00e9sidentiel\",\"url\":\"https:\/\/vaillancourtea.com\/\",\"logo\":{\"@type\":\"ImageObject\",\"inLanguage\":\"en-US\",\"@id\":\"https:\/\/vaillancourtea.com\/#\/schema\/logo\/image\/\",\"url\":\"https:\/\/vaillancourtea.com\/files\/2018\/11\/RP_Logo.png\",\"contentUrl\":\"https:\/\/vaillancourtea.com\/files\/2018\/11\/RP_Logo.png\",\"width\":168,\"height\":63,\"caption\":\"Chantal Vaillancourt, Courtier immobilier r\u00e9sidentiel\"},\"image\":{\"@id\":\"https:\/\/vaillancourtea.com\/#\/schema\/logo\/image\/\"}}]}<\/script>\n<!-- \/ Yoast SEO plugin. -->","yoast_head_json":{"title":"Vivre \u00e0 Saint-Eustache | Avantages - D\u00e9savantages | Chantal Vaillancourt","description":"Quels sont les avantages et les d\u00e9savantages de vivre \u00e0 Saint-Eustache ? Chantal Vaillancourt, courtier immobilier, r\u00e9pond \u00e0 la question.","robots":{"index":"index","follow":"follow","max-snippet":"max-snippet:-1","max-image-preview":"max-image-preview:large","max-video-preview":"max-video-preview:-1"},"canonical":"https:\/\/vaillancourtea.com\/proprietes-par-region\/saint-eustache\/avantages-desavantages\/","og_locale":"en_US","og_type":"article","og_title":"Vivre \u00e0 Saint-Eustache | Avantages - D\u00e9savantages | Chantal Vaillancourt","og_description":"Quels sont les avantages et les d\u00e9savantages de vivre \u00e0 Saint-Eustache ? Chantal Vaillancourt, courtier immobilier, r\u00e9pond \u00e0 la question.","og_url":"https:\/\/vaillancourtea.com\/proprietes-par-region\/saint-eustache\/avantages-desavantages\/","og_site_name":"Vaillancourt et Ass. | Courtier immobilier Laval - Rive-Nord","article_modified_time":"2025-01-27T10:52:42+00:00","og_image":[{"url":"https:\/\/vaillancourtea.com\/files\/2023\/12\/promenade_paulsauve-saint-eustache-2_modifie-257x300.jpg","type":"","width":"","height":""}],"twitter_card":"summary_large_image","twitter_misc":{"Est. reading time":"4 minutes"},"schema":{"@context":"https:\/\/schema.org","@graph":[{"@type":"WebPage","@id":"https:\/\/vaillancourtea.com\/proprietes-par-region\/saint-eustache\/avantages-desavantages\/","url":"https:\/\/vaillancourtea.com\/proprietes-par-region\/saint-eustache\/avantages-desavantages\/","name":"Vivre \u00e0 Saint-Eustache | Avantages - D\u00e9savantages | Chantal Vaillancourt","isPartOf":{"@id":"https:\/\/vaillancourtea.com\/#website"},"primaryImageOfPage":{"@id":"https:\/\/vaillancourtea.com\/proprietes-par-region\/saint-eustache\/avantages-desavantages\/#primaryimage"},"image":{"@id":"https:\/\/vaillancourtea.com\/proprietes-par-region\/saint-eustache\/avantages-desavantages\/#primaryimage"},"thumbnailUrl":"https:\/\/vaillancourtea.com\/files\/2023\/12\/promenade_paulsauve-saint-eustache-2_modifie-257x300.jpg","datePublished":"2022-12-06T15:27:47+00:00","dateModified":"2025-01-27T10:52:42+00:00","description":"Quels sont les avantages et les d\u00e9savantages de vivre \u00e0 Saint-Eustache ? Chantal Vaillancourt, courtier immobilier, r\u00e9pond \u00e0 la question.","breadcrumb":{"@id":"https:\/\/vaillancourtea.com\/proprietes-par-region\/saint-eustache\/avantages-desavantages\/#breadcrumb"},"inLanguage":"en-US","potentialAction":[{"@type":"ReadAction","target":["https:\/\/vaillancourtea.com\/proprietes-par-region\/saint-eustache\/avantages-desavantages\/"]}]},{"@type":"ImageObject","inLanguage":"en-US","@id":"https:\/\/vaillancourtea.com\/proprietes-par-region\/saint-eustache\/avantages-desavantages\/#primaryimage","url":"https:\/\/vaillancourtea.com\/files\/2023\/12\/promenade_paulsauve-saint-eustache-2_modifie-257x300.jpg","contentUrl":"https:\/\/vaillancourtea.com\/files\/2023\/12\/promenade_paulsauve-saint-eustache-2_modifie-257x300.jpg"},{"@type":"BreadcrumbList","@id":"https:\/\/vaillancourtea.com\/proprietes-par-region\/saint-eustache\/avantages-desavantages\/#breadcrumb","itemListElement":[{"@type":"ListItem","position":1,"name":"Accueil","item":"https:\/\/vaillancourtea.com\/"},{"@type":"ListItem","position":2,"name":"Propri\u00e9t\u00e9s par r\u00e9gion","item":"https:\/\/vaillancourtea.com\/proprietes-par-region\/"},{"@type":"ListItem","position":3,"name":"Saint-Eustache","item":"https:\/\/vaillancourtea.com\/proprietes-par-region\/saint-eustache\/"},{"@type":"ListItem","position":4,"name":"Quels sont les avantages et les d\u00e9savantages de vivre \u00e0 Saint-Eustache ?"}]},{"@type":"WebSite","@id":"https:\/\/vaillancourtea.com\/#website","url":"https:\/\/vaillancourtea.com\/","name":"Vaillancourt et Ass. | Courtier immobilier Laval - Rive-Nord","description":"","publisher":{"@id":"https:\/\/vaillancourtea.com\/#organization"},"potentialAction":[{"@type":"SearchAction","target":{"@type":"EntryPoint","urlTemplate":"https:\/\/vaillancourtea.com\/?s={search_term_string}"},"query-input":{"@type":"PropertyValueSpecification","valueRequired":true,"valueName":"search_term_string"}}],"inLanguage":"en-US"},{"@type":"Organization","@id":"https:\/\/vaillancourtea.com\/#organization","name":"Chantal Vaillancourt, Courtier immobilier r\u00e9sidentiel","url":"https:\/\/vaillancourtea.com\/","logo":{"@type":"ImageObject","inLanguage":"en-US","@id":"https:\/\/vaillancourtea.com\/#\/schema\/logo\/image\/","url":"https:\/\/vaillancourtea.com\/files\/2018\/11\/RP_Logo.png","contentUrl":"https:\/\/vaillancourtea.com\/files\/2018\/11\/RP_Logo.png","width":168,"height":63,"caption":"Chantal Vaillancourt, Courtier immobilier r\u00e9sidentiel"},"image":{"@id":"https:\/\/vaillancourtea.com\/#\/schema\/logo\/image\/"}}]}},"_links":{"self":[{"href":"https:\/\/vaillancourtea.com\/en\/wp-json\/wp\/v2\/pages\/5463","targetHints":{"allow":["GET"]}}],"collection":[{"href":"https:\/\/vaillancourtea.com\/en\/wp-json\/wp\/v2\/pages"}],"about":[{"href":"https:\/\/vaillancourtea.com\/en\/wp-json\/wp\/v2\/types\/page"}],"author":[{"embeddable":true,"href":"https:\/\/vaillancourtea.com\/en\/wp-json\/wp\/v2\/users\/121"}],"replies":[{"embeddable":true,"href":"https:\/\/vaillancourtea.com\/en\/wp-json\/wp\/v2\/comments?post=5463"}],"version-history":[{"count":3,"href":"https:\/\/vaillancourtea.com\/en\/wp-json\/wp\/v2\/pages\/5463\/revisions"}],"predecessor-version":[{"id":8589,"href":"https:\/\/vaillancourtea.com\/en\/wp-json\/wp\/v2\/pages\/5463\/revisions\/8589"}],"up":[{"embeddable":true,"href":"https:\/\/vaillancourtea.com\/en\/wp-json\/wp\/v2\/pages\/3381"}],"wp:attachment":[{"href":"https:\/\/vaillancourtea.com\/en\/wp-json\/wp\/v2\/media?parent=5463"}],"curies":[{"name":"wp","href":"https:\/\/api.w.org\/{rel}","templated":true}]}}