{"id":3381,"date":"2020-03-30T12:26:41","date_gmt":"2020-03-30T16:26:41","guid":{"rendered":"https:\/\/vaillancourtea.com\/?page_id=3381"},"modified":"2024-04-04T06:52:38","modified_gmt":"2024-04-04T10:52:38","slug":"saint-eustache","status":"publish","type":"page","link":"https:\/\/vaillancourtea.com\/en\/proprietes-par-region\/saint-eustache\/","title":{"rendered":"Saint-Eustache"},"content":{"rendered":"<p><section  class=\"bg_normal \"><div class=\"layout-content text-align-left\" style=\"\"><div class=\"content\"><\/p>\n<h2><strong>Which real estate broker to choose in Saint-Eustache?<\/strong><\/h2>\n<p>Chantal Vaillancourt has been working as a real estate broker in Saint-Eustache and the surrounding area since 2011. She knows this town like the back of her hand!<\/p>\n<p><img loading=\"lazy\" decoding=\"async\" class=\"aligncenter wp-image-5987 size-large\" src=\"https:\/\/vaillancourtea.com\/files\/2023\/06\/stEustacheSmall-1024x683.jpg\" alt=\"Courtier immobilier - real estate broker\" width=\"1024\" height=\"683\" srcset=\"https:\/\/vaillancourtea.com\/files\/2023\/06\/stEustacheSmall-1024x683.jpg 1024w, https:\/\/vaillancourtea.com\/files\/2023\/06\/stEustacheSmall-300x200.jpg 300w, https:\/\/vaillancourtea.com\/files\/2023\/06\/stEustacheSmall-768x512.jpg 768w, https:\/\/vaillancourtea.com\/files\/2023\/06\/stEustacheSmall.jpg 1250w\" sizes=\"auto, (max-width: 1024px) 100vw, 1024px\" \/><\/p>\n<h2><\/h2>\n<p>When the time will come to sell your home in St-Eustache, you may ask yourself &#8220;<strong>who is the best agent in town to sell my home?<\/strong>&#8220;.<\/p>\n<p>In this <span style=\"color: #0000ff;\"><strong><a style=\"color: #0000ff;\" href=\"https:\/\/vaillancourtea.com\/temoignages\/\">testimonials page<\/a>,<\/strong><\/span> you will find the answer to this question from their past clients.<\/p>\n<p><img loading=\"lazy\" decoding=\"async\" class=\"aligncenter wp-image-5997 size-large\" src=\"https:\/\/vaillancourtea.com\/files\/2023\/06\/BonnallieBrodeur-220615-0305-1024x683.jpg\" alt=\"real estate agent - courtier immobilier\" width=\"1024\" height=\"683\" srcset=\"https:\/\/vaillancourtea.com\/files\/2023\/06\/BonnallieBrodeur-220615-0305-1024x683.jpg 1024w, https:\/\/vaillancourtea.com\/files\/2023\/06\/BonnallieBrodeur-220615-0305-300x200.jpg 300w, https:\/\/vaillancourtea.com\/files\/2023\/06\/BonnallieBrodeur-220615-0305-768x512.jpg 768w, https:\/\/vaillancourtea.com\/files\/2023\/06\/BonnallieBrodeur-220615-0305.jpg 1250w\" sizes=\"auto, (max-width: 1024px) 100vw, 1024px\" \/><\/p>\n<p style=\"text-align: center;\">When she reports on organizations and businesses in Saint-Eustache, Chantal always likes to chat with the locals.<\/p>\n<h2>Here are 3 more reasons to choose Vaillancourt &amp; associ\u00e9s:<\/h2>\n<ol>\n<li>The <strong>Vaillancourt team has joined Royal LePage Humania Centre<\/strong>, Quebec&#8217;s largest traditional real estate agency, and offers better real estate services.<\/li>\n<li><strong>You get LOCAL real estate services. <\/strong>When you listen to Chantal&#8217;s videos of the city, you&#8217;ll quickly realize the depth of her local knowledge. It&#8217;s to your advantage to work with real estate broker who know the neighborhoods they serve.<\/li>\n<li><strong>Vaillancourt et Associ\u00e9s is a team of professionals at your service<\/strong>! Chantal and her associates, Kateryne, Jonathan and Miviane, offer you their expertise and complement each other in the mandate of selling your home fast and at the best price.<\/li>\n<\/ol>\n<p><img loading=\"lazy\" decoding=\"async\" class=\"aligncenter wp-image-5985 size-large\" src=\"https:\/\/vaillancourtea.com\/files\/2023\/06\/stmoustachesmall-1024x683.jpg\" alt=\"courtier immobilier - real estate agent\" width=\"1024\" height=\"683\" srcset=\"https:\/\/vaillancourtea.com\/files\/2023\/06\/stmoustachesmall-1024x683.jpg 1024w, https:\/\/vaillancourtea.com\/files\/2023\/06\/stmoustachesmall-300x200.jpg 300w, https:\/\/vaillancourtea.com\/files\/2023\/06\/stmoustachesmall-768x512.jpg 768w, https:\/\/vaillancourtea.com\/files\/2023\/06\/stmoustachesmall.jpg 1250w\" sizes=\"auto, (max-width: 1024px) 100vw, 1024px\" \/><\/p>\n<p style=\"text-align: center;\">Chantal loves to help you discover the city of Saint-Eustache through her blog: <strong><a href=\"https:\/\/vaillancourtea.com\/ici-laval-laurentides\/\">Ici Laval Laurentides<\/a><\/strong> (in french).<\/p>\n<h2>Dynamic, passionate and committed real estate broker in her community<\/h2>\n<p>Chantal Vaillancourt is a real spark plug when it comes to communications and community relations. She is involved in a number of projects. She recently launched a series of podcast-style programs in which she interviews a number of entrepreneurs in the Saint-Eustache and Laval regions. You can find out more about her project and her first podcasts in this article: <strong><a href=\"https:\/\/vaillancourtea.com\/mon-quartier\/chantal-lance-un-podcast-local-balado\/\">Le paradis dans ma backyard<\/a><\/strong>!<\/p>\n<p>She is an active member of the local <strong>Chamber of commerce located in Saint-Eustache<\/strong> where she has presented sales training to various local entrepreneurs.<\/p>\n<p><img loading=\"lazy\" decoding=\"async\" class=\"aligncenter wp-image-6513 size-full\" src=\"https:\/\/vaillancourtea.com\/files\/2023\/11\/chambre-de-commerce-saint-eustache.jpg\" alt=\"chambre de commerce\" width=\"716\" height=\"752\" srcset=\"https:\/\/vaillancourtea.com\/files\/2023\/11\/chambre-de-commerce-saint-eustache.jpg 716w, https:\/\/vaillancourtea.com\/files\/2023\/11\/chambre-de-commerce-saint-eustache-286x300.jpg 286w\" sizes=\"auto, (max-width: 716px) 100vw, 716px\" \/><\/p>\n<p>Vaillancourt and associates is also owner of a private networking group located in Saint-Eustache. Founded in 2019, <strong><span style=\"color: #0000ff;\"><a style=\"color: #0000ff;\" href=\"https:\/\/propulsionelite.com\">Propulsion \u00c9lite<\/a><\/span>,<\/strong> is a group of 15+ local entrepreneurs with a mission to propel them to professional success. They meet every other week. In this group we can find an inspector, homestager, lender, insurance broker, notary, etc. This grouping provides Chantal with a powerful network of professionals who can be counted on to serve people who want to buy or sell a property in the Saint-Eustache region.<\/p>\n<p><img loading=\"lazy\" decoding=\"async\" class=\"aligncenter wp-image-3418 size-full\" src=\"https:\/\/vaillancourtea.com\/files\/2020\/04\/propulsion.png\" alt=\"reseautage saint-eustache\" width=\"960\" height=\"720\" srcset=\"https:\/\/vaillancourtea.com\/files\/2020\/04\/propulsion.png 960w, https:\/\/vaillancourtea.com\/files\/2020\/04\/propulsion-300x225.png 300w, https:\/\/vaillancourtea.com\/files\/2020\/04\/propulsion-768x576.png 768w\" sizes=\"auto, (max-width: 960px) 100vw, 960px\" \/><\/p>\n<p>We have rarely seen real estate agents so attached to their community and the people and businesses who make it up. Together they will relate to you many of their stories:<\/p>\n<p style=\"text-align: center;\"><span style=\"color: #0000ff;\"><strong><a style=\"color: #0000ff;\" href=\"https:\/\/vaillancourtea.com\/mon-quartier\/julie-ladouceur-bistro-ladouceur-terroir-girlboss-vieux-saint-eustache\/\">Bistro Ladouceur du Terroir<\/a><\/strong><\/span><\/p>\n<p style=\"text-align: center;\"><span style=\"color: #0000ff;\"><strong><a style=\"color: #0000ff;\" href=\"https:\/\/vaillancourtea.com\/mon-quartier\/connaissez-bistro-triche-vieux-saint-eustache-fut-plus-belle-decouverte-de-lannee-a-date-voici-concept-5-3-enfants-de-12-ans-p\/\">Bistro La triche<\/a><\/strong><\/span><\/p>\n<p style=\"text-align: center;\"><span style=\"color: #0000ff;\"><strong><a style=\"color: #0000ff;\" href=\"https:\/\/vaillancourtea.com\/mon-quartier\/10-raisons-de-decouvrir-le-restaurant-le-geraldine-dans-le-vieux-saint-eustache\/\">Le G\u00e9raldine<\/a><\/strong><\/span><\/p>\n<p style=\"text-align: center;\"><span style=\"color: #0000ff;\"><strong><a style=\"color: #0000ff;\" href=\"https:\/\/vaillancourtea.com\/mon-quartier\/letrange-merveilleux-centre-sportif-mathers-a-saint-eustache\/\">L&#8217;\u00e9trange et merveilleux centre sportif Mathers<\/a><\/strong><\/span><\/p>\n<p><img loading=\"lazy\" decoding=\"async\" class=\"aligncenter wp-image-5986 size-large\" src=\"https:\/\/vaillancourtea.com\/files\/2023\/06\/atelierlunesmall-1024x683.jpg\" alt=\"real estate agent - courtier immobilier\" width=\"1024\" height=\"683\" srcset=\"https:\/\/vaillancourtea.com\/files\/2023\/06\/atelierlunesmall-1024x683.jpg 1024w, https:\/\/vaillancourtea.com\/files\/2023\/06\/atelierlunesmall-300x200.jpg 300w, https:\/\/vaillancourtea.com\/files\/2023\/06\/atelierlunesmall-768x512.jpg 768w, https:\/\/vaillancourtea.com\/files\/2023\/06\/atelierlunesmall.jpg 1250w\" sizes=\"auto, (max-width: 1024px) 100vw, 1024px\" \/><\/p>\n<p style=\"text-align: center;\">Chantal at Atelier Lune in old Saint-Eustache.<\/p>\n<h2><strong>Sold properties in Saint-Eustache<\/strong><\/h2>\n<div id=\"attachment_3419\" style=\"width: 928px\" class=\"wp-caption aligncenter\"><img loading=\"lazy\" decoding=\"async\" aria-describedby=\"caption-attachment-3419\" class=\"wp-image-3419 size-full\" src=\"https:\/\/vaillancourtea.com\/files\/2020\/04\/steustache.png\" alt=\"sold houses in Saint-Eustache\" width=\"918\" height=\"693\" srcset=\"https:\/\/vaillancourtea.com\/files\/2020\/04\/steustache.png 918w, https:\/\/vaillancourtea.com\/files\/2020\/04\/steustache-300x226.png 300w, https:\/\/vaillancourtea.com\/files\/2020\/04\/steustache-768x580.png 768w\" sizes=\"auto, (max-width: 918px) 100vw, 918px\" \/><p id=\"caption-attachment-3419\" class=\"wp-caption-text\">A few of the houses sold in Saint-Eustache by Vaillancourt and associates<\/p><\/div>\n<h2><strong>We are looking for houses in St Eustache<\/strong><\/h2>\n<p>To answer to the need of clients looking to buy or sell a house in St Eustache, <strong>Vaillancourt and associates is looking for homes or condos in Laval-Ouest, Fabreville, Sainte-Doroth\u00e9e, Saint-Eustache and Deux-Montagnes<\/strong>. They urgently need bungalows, duplexes, semi-detached, cottages or condo appartments. If you are ready to make a move and need a dynamic broker who knows these areas, contact Vaillancourt and associates here: <strong><a href=\"http:\/\/(450) 314-1992\">(450) 314-1992<\/a><\/strong>.<\/p>\n<h2><img loading=\"lazy\" decoding=\"async\" class=\"aligncenter wp-image-6518 size-large\" src=\"https:\/\/vaillancourtea.com\/files\/2023\/11\/saint-eustache-mairie-AI-Upscaler-1496x1000-1-1024x684.jpg\" alt=\"Saint-Eustache city hall\" width=\"1024\" height=\"684\" srcset=\"https:\/\/vaillancourtea.com\/files\/2023\/11\/saint-eustache-mairie-AI-Upscaler-1496x1000-1-1024x684.jpg 1024w, https:\/\/vaillancourtea.com\/files\/2023\/11\/saint-eustache-mairie-AI-Upscaler-1496x1000-1-300x201.jpg 300w, https:\/\/vaillancourtea.com\/files\/2023\/11\/saint-eustache-mairie-AI-Upscaler-1496x1000-1-768x513.jpg 768w, https:\/\/vaillancourtea.com\/files\/2023\/11\/saint-eustache-mairie-AI-Upscaler-1496x1000-1.jpg 1496w\" sizes=\"auto, (max-width: 1024px) 100vw, 1024px\" \/><\/h2>\n<h2>Need a real estate broker in Saint-Eustache?<\/h2>\n<p>Hello, my name is Chantal Vaillancourt and I&#8217;m a residential real estate broker in the area. If you&#8217;d like to learn more about the Laval and Basses-Laurentides areas, don&#8217;t forget to follow me so you don&#8217;t miss a thing. If you&#8217;re thinking of buying or selling a home and would like someone to guide you through your real estate project, call me at <strong><a href=\"http:\/\/450.314.1992\">450.314.1992<\/a><\/strong>.<br \/>\nAlternatively, follow my blog for other interesting capsules on local people, businesses, organizations and events: <strong><a href=\"https:\/\/vaillancourtea.com\/en\/ici-laval-laurentides\/\">Ici Laval Laurentides<\/a><\/strong><\/p>\n<p>Interested in real estate news: <strong><a href=\"https:\/\/vaillancourtea.com\/en\/blogue\/\">My real estate blog<\/a><\/strong><\/p>\n<p>Subscribe to my newsletter:<strong> Infolettre Ici Laval Laurentides<\/strong><\/p>\n<p><strong><a href=\"https:\/\/vaillancourtea.com\/en\/outils\/evaluation-en-ligne\/\">Evaluate your property<\/a><\/strong> online<\/p>\n<p>Follow me on <strong><a href=\"https:\/\/www.facebook.com\/icilavallaurentides\/\">Facebook<\/a><\/strong><\/p>\n<hr \/>\n<h2><strong>Life in Saint-Eustache<\/strong><\/h2>\n<p><strong>You will quickly learn how Saint-Eustache is an amazing city<\/strong>.\u00a0 Just under 47,000 in population, it is easy to make friends and grow roots here. Just a short walk in the <strong>Old Saint-Eustache<\/strong> will teach you about it&#8217;s rich heritage and historic buildings. For example you have the L\u00e9gar\u00e9 mill, the Globensky Manor, and the famous Saint-Eustache church. This area lights up with markets and festivals all year round. Finally, on foot, by car or by bike, you will see that your are just a few minutes away from all community services and commercial centers. Nothing is very far away when you are in Saint-Eustache.<\/p>\n<h3>Some usefull links<\/h3>\n<p><strong><span style=\"color: #0000ff;\"><a style=\"color: #0000ff;\" href=\"https:\/\/www.chambrecommerce.com\/\">Chambre de commerce et d&#8217;industrie MRC de Deux-Montagnes<\/a><\/span><\/strong><\/p>\n<p><strong><span style=\"color: #0000ff;\"><a style=\"color: #0000ff;\" href=\"https:\/\/www.saint-eustache.ca\/\">Ville de Saint-Eustache<\/a><\/span><\/strong><\/p>\n<p><strong><span style=\"color: #0000ff;\"><a style=\"color: #0000ff;\" href=\"http:\/\/www.vieuxsainteustache.com\/\">Le Vieux Saint-Eustache<\/a><\/span><\/strong><\/p>\n<p><strong><span style=\"color: #0000ff;\"><a style=\"color: #0000ff;\" href=\"https:\/\/www.basseslaurentides.com\/\">Les Basses Laurentides<\/a><\/span><\/strong><\/p>\n<p><strong><span style=\"color: #0000ff;\"><a style=\"color: #0000ff;\" href=\"http:\/\/www.corporationdumoulinlegare.com\/\">Le Moulin L\u00e9gar\u00e9<\/a><\/span><\/strong><\/p>\n<p><strong><span style=\"color: #0000ff;\"><a style=\"color: #0000ff;\" href=\"https:\/\/www.lapetiteeglise.com\/\">La Petite \u00c9glise<\/a><\/span><\/strong><\/p>\n<p><strong><span style=\"color: #0000ff;\"><a style=\"color: #0000ff;\" href=\"https:\/\/www.basseslaurentides.com\/le-marche-public.php\">Le March\u00e9 Public<\/a><\/span><\/strong><\/p>\n<p><strong><span style=\"color: #0000ff;\"><a style=\"color: #0000ff;\" href=\"https:\/\/www.laurentides.com\/fr\/chemin-du-terroir\">Le Chemin du Terroir<\/a><\/span><\/strong><\/p>\n<p><strong><span style=\"color: #0000ff;\"><a style=\"color: #0000ff;\" href=\"https:\/\/www.saint-eustache.ca\/citoyens\/bibliotheque\">La Biblioth\u00e8que<\/a><\/span><\/strong><\/p>\n<p><strong><span style=\"color: #0000ff;\"><a style=\"color: #0000ff;\" href=\"https:\/\/www.saint-eustache.ca\/citoyens-sport-et-plein-air-installations-sportives-et-de-loisirs\/complexe-aquatique-saint-eustache\">Le Complexe Aquatique Saint-Eustache<\/a><\/span><\/strong><\/p>\n<p><strong><span style=\"color: #0000ff;\"><a style=\"color: #0000ff;\" href=\"https:\/\/www.saint-eustache.ca\/citoyens-vie-communautaire\/maison-du-citoyen\">La Maison du Citoyen<\/a><\/span><\/strong><\/p>\n<p><strong><span style=\"color: #0000ff;\"><a style=\"color: #0000ff;\" href=\"https:\/\/www.saint-eustache.ca\/citoyens-collectes\/ecocentre-saint-eustache\">L&#8217;\u00c9cocentre Saint-Eustache<\/a><\/span><\/strong><\/p>\n<p><strong><span style=\"color: #0000ff;\"><a style=\"color: #0000ff;\" href=\"https:\/\/www.saint-eustache.ca\/cartes#parcs\">Complexe Walter Buswell<\/a><\/span><\/strong><\/p>\n<hr \/>\n<h2>Discover other pages about Saint-Eustache<\/h2>\n<h3><span style=\"color: #0000ff;\"><a style=\"color: #0000ff;\" href=\"https:\/\/vaillancourtea.com\/en\/proprietes-par-region\/saint-eustache\/avantages-desavantages\/\"><strong>What are the advantages and disadvantages of living in Saint-Eustache?<\/strong><\/a><\/span><\/h3>\n<hr \/>\n<h2>Discover other areas where we work :<\/h2>\n<h3><a href=\"https:\/\/vaillancourtea.com\/en\/proprietes-par-region\/fabreville-2\/\"><span style=\"color: #0000ff;\"><strong>Fabreville real estate broker<\/strong><\/span><\/a><\/h3>\n<h3><a href=\"https:\/\/vaillancourtea.com\/en\/proprietes-par-region\/laval-ouest\/\"><span style=\"color: #0000ff;\"><strong>Laval-Ouest real estate broker<\/strong><\/span><\/a><\/h3>\n<p><\/div><\/div><\/section><\/p>","protected":false},"excerpt":{"rendered":"","protected":false},"author":121,"featured_media":0,"parent":3337,"menu_order":0,"comment_status":"closed","ping_status":"closed","template":"t_listings.php","meta":{"_acf_changed":false,"footnotes":""},"class_list":["post-3381","page","type-page","status-publish","hentry"],"acf":[],"yoast_head":"<!-- This site is optimized with the Yoast SEO plugin v26.7 - https:\/\/yoast.com\/wordpress\/plugins\/seo\/ -->\n<title>Courtier immobilier Saint-Eustache | Chantal Vaillancourt | Royal LePAGE<\/title>\n<meta name=\"description\" content=\"Pour vendre votre r\u00e9sidence de Saint-Eustache, appelez Chantal Vaillancourt, courtier immobilier dynamique qui connait bien le march\u00e9 r\u00e9sidentiel : 450-314-1992.\" \/>\n<meta name=\"robots\" content=\"index, follow, max-snippet:-1, max-image-preview:large, max-video-preview:-1\" \/>\n<link rel=\"canonical\" href=\"https:\/\/vaillancourtea.com\/proprietes-par-region\/saint-eustache\/\" \/>\n<meta property=\"og:locale\" content=\"en_US\" \/>\n<meta property=\"og:type\" content=\"article\" \/>\n<meta property=\"og:title\" content=\"Courtier immobilier Saint-Eustache | Chantal Vaillancourt | Royal LePAGE\" \/>\n<meta property=\"og:description\" content=\"Pour vendre votre r\u00e9sidence de Saint-Eustache, appelez Chantal Vaillancourt, courtier immobilier dynamique qui connait bien le march\u00e9 r\u00e9sidentiel : 450-314-1992.\" \/>\n<meta property=\"og:url\" content=\"https:\/\/vaillancourtea.com\/proprietes-par-region\/saint-eustache\/\" \/>\n<meta property=\"og:site_name\" content=\"Vaillancourt et Ass. | Courtier immobilier Laval - Rive-Nord\" \/>\n<meta property=\"article:modified_time\" content=\"2024-04-04T10:52:38+00:00\" \/>\n<meta property=\"og:image\" content=\"https:\/\/vaillancourtea.com\/files\/2023\/06\/stEustacheSmall-1024x683.jpg\" \/>\n<meta name=\"twitter:card\" content=\"summary_large_image\" \/>\n<meta name=\"twitter:label1\" content=\"Est. reading time\" \/>\n\t<meta name=\"twitter:data1\" content=\"7 minutes\" \/>\n<script type=\"application\/ld+json\" class=\"yoast-schema-graph\">{\"@context\":\"https:\/\/schema.org\",\"@graph\":[{\"@type\":\"WebPage\",\"@id\":\"https:\/\/vaillancourtea.com\/proprietes-par-region\/saint-eustache\/\",\"url\":\"https:\/\/vaillancourtea.com\/proprietes-par-region\/saint-eustache\/\",\"name\":\"Courtier immobilier Saint-Eustache | Chantal Vaillancourt | Royal LePAGE\",\"isPartOf\":{\"@id\":\"https:\/\/vaillancourtea.com\/#website\"},\"primaryImageOfPage\":{\"@id\":\"https:\/\/vaillancourtea.com\/proprietes-par-region\/saint-eustache\/#primaryimage\"},\"image\":{\"@id\":\"https:\/\/vaillancourtea.com\/proprietes-par-region\/saint-eustache\/#primaryimage\"},\"thumbnailUrl\":\"https:\/\/vaillancourtea.com\/files\/2023\/06\/stEustacheSmall-1024x683.jpg\",\"datePublished\":\"2020-03-30T16:26:41+00:00\",\"dateModified\":\"2024-04-04T10:52:38+00:00\",\"description\":\"Pour vendre votre r\u00e9sidence de Saint-Eustache, appelez Chantal Vaillancourt, courtier immobilier dynamique qui connait bien le march\u00e9 r\u00e9sidentiel : 450-314-1992.\",\"breadcrumb\":{\"@id\":\"https:\/\/vaillancourtea.com\/proprietes-par-region\/saint-eustache\/#breadcrumb\"},\"inLanguage\":\"en-US\",\"potentialAction\":[{\"@type\":\"ReadAction\",\"target\":[\"https:\/\/vaillancourtea.com\/proprietes-par-region\/saint-eustache\/\"]}]},{\"@type\":\"ImageObject\",\"inLanguage\":\"en-US\",\"@id\":\"https:\/\/vaillancourtea.com\/proprietes-par-region\/saint-eustache\/#primaryimage\",\"url\":\"https:\/\/vaillancourtea.com\/files\/2023\/06\/stEustacheSmall-1024x683.jpg\",\"contentUrl\":\"https:\/\/vaillancourtea.com\/files\/2023\/06\/stEustacheSmall-1024x683.jpg\"},{\"@type\":\"BreadcrumbList\",\"@id\":\"https:\/\/vaillancourtea.com\/proprietes-par-region\/saint-eustache\/#breadcrumb\",\"itemListElement\":[{\"@type\":\"ListItem\",\"position\":1,\"name\":\"Accueil\",\"item\":\"https:\/\/vaillancourtea.com\/\"},{\"@type\":\"ListItem\",\"position\":2,\"name\":\"Propri\u00e9t\u00e9s par r\u00e9gion\",\"item\":\"https:\/\/vaillancourtea.com\/proprietes-par-region\/\"},{\"@type\":\"ListItem\",\"position\":3,\"name\":\"Saint-Eustache\"}]},{\"@type\":\"WebSite\",\"@id\":\"https:\/\/vaillancourtea.com\/#website\",\"url\":\"https:\/\/vaillancourtea.com\/\",\"name\":\"Vaillancourt et Ass. | Courtier immobilier Laval - Rive-Nord\",\"description\":\"\",\"publisher\":{\"@id\":\"https:\/\/vaillancourtea.com\/#organization\"},\"potentialAction\":[{\"@type\":\"SearchAction\",\"target\":{\"@type\":\"EntryPoint\",\"urlTemplate\":\"https:\/\/vaillancourtea.com\/?s={search_term_string}\"},\"query-input\":{\"@type\":\"PropertyValueSpecification\",\"valueRequired\":true,\"valueName\":\"search_term_string\"}}],\"inLanguage\":\"en-US\"},{\"@type\":\"Organization\",\"@id\":\"https:\/\/vaillancourtea.com\/#organization\",\"name\":\"Chantal Vaillancourt, Courtier immobilier r\u00e9sidentiel\",\"url\":\"https:\/\/vaillancourtea.com\/\",\"logo\":{\"@type\":\"ImageObject\",\"inLanguage\":\"en-US\",\"@id\":\"https:\/\/vaillancourtea.com\/#\/schema\/logo\/image\/\",\"url\":\"https:\/\/vaillancourtea.com\/files\/2018\/11\/RP_Logo.png\",\"contentUrl\":\"https:\/\/vaillancourtea.com\/files\/2018\/11\/RP_Logo.png\",\"width\":168,\"height\":63,\"caption\":\"Chantal Vaillancourt, Courtier immobilier r\u00e9sidentiel\"},\"image\":{\"@id\":\"https:\/\/vaillancourtea.com\/#\/schema\/logo\/image\/\"}}]}<\/script>\n<!-- \/ Yoast SEO plugin. -->","yoast_head_json":{"title":"Courtier immobilier Saint-Eustache | Chantal Vaillancourt | Royal LePAGE","description":"Pour vendre votre r\u00e9sidence de Saint-Eustache, appelez Chantal Vaillancourt, courtier immobilier dynamique qui connait bien le march\u00e9 r\u00e9sidentiel : 450-314-1992.","robots":{"index":"index","follow":"follow","max-snippet":"max-snippet:-1","max-image-preview":"max-image-preview:large","max-video-preview":"max-video-preview:-1"},"canonical":"https:\/\/vaillancourtea.com\/proprietes-par-region\/saint-eustache\/","og_locale":"en_US","og_type":"article","og_title":"Courtier immobilier Saint-Eustache | Chantal Vaillancourt | Royal LePAGE","og_description":"Pour vendre votre r\u00e9sidence de Saint-Eustache, appelez Chantal Vaillancourt, courtier immobilier dynamique qui connait bien le march\u00e9 r\u00e9sidentiel : 450-314-1992.","og_url":"https:\/\/vaillancourtea.com\/proprietes-par-region\/saint-eustache\/","og_site_name":"Vaillancourt et Ass. | Courtier immobilier Laval - Rive-Nord","article_modified_time":"2024-04-04T10:52:38+00:00","og_image":[{"url":"https:\/\/vaillancourtea.com\/files\/2023\/06\/stEustacheSmall-1024x683.jpg","type":"","width":"","height":""}],"twitter_card":"summary_large_image","twitter_misc":{"Est. reading time":"7 minutes"},"schema":{"@context":"https:\/\/schema.org","@graph":[{"@type":"WebPage","@id":"https:\/\/vaillancourtea.com\/proprietes-par-region\/saint-eustache\/","url":"https:\/\/vaillancourtea.com\/proprietes-par-region\/saint-eustache\/","name":"Courtier immobilier Saint-Eustache | Chantal Vaillancourt | Royal LePAGE","isPartOf":{"@id":"https:\/\/vaillancourtea.com\/#website"},"primaryImageOfPage":{"@id":"https:\/\/vaillancourtea.com\/proprietes-par-region\/saint-eustache\/#primaryimage"},"image":{"@id":"https:\/\/vaillancourtea.com\/proprietes-par-region\/saint-eustache\/#primaryimage"},"thumbnailUrl":"https:\/\/vaillancourtea.com\/files\/2023\/06\/stEustacheSmall-1024x683.jpg","datePublished":"2020-03-30T16:26:41+00:00","dateModified":"2024-04-04T10:52:38+00:00","description":"Pour vendre votre r\u00e9sidence de Saint-Eustache, appelez Chantal Vaillancourt, courtier immobilier dynamique qui connait bien le march\u00e9 r\u00e9sidentiel : 450-314-1992.","breadcrumb":{"@id":"https:\/\/vaillancourtea.com\/proprietes-par-region\/saint-eustache\/#breadcrumb"},"inLanguage":"en-US","potentialAction":[{"@type":"ReadAction","target":["https:\/\/vaillancourtea.com\/proprietes-par-region\/saint-eustache\/"]}]},{"@type":"ImageObject","inLanguage":"en-US","@id":"https:\/\/vaillancourtea.com\/proprietes-par-region\/saint-eustache\/#primaryimage","url":"https:\/\/vaillancourtea.com\/files\/2023\/06\/stEustacheSmall-1024x683.jpg","contentUrl":"https:\/\/vaillancourtea.com\/files\/2023\/06\/stEustacheSmall-1024x683.jpg"},{"@type":"BreadcrumbList","@id":"https:\/\/vaillancourtea.com\/proprietes-par-region\/saint-eustache\/#breadcrumb","itemListElement":[{"@type":"ListItem","position":1,"name":"Accueil","item":"https:\/\/vaillancourtea.com\/"},{"@type":"ListItem","position":2,"name":"Propri\u00e9t\u00e9s par r\u00e9gion","item":"https:\/\/vaillancourtea.com\/proprietes-par-region\/"},{"@type":"ListItem","position":3,"name":"Saint-Eustache"}]},{"@type":"WebSite","@id":"https:\/\/vaillancourtea.com\/#website","url":"https:\/\/vaillancourtea.com\/","name":"Vaillancourt et Ass. | Courtier immobilier Laval - Rive-Nord","description":"","publisher":{"@id":"https:\/\/vaillancourtea.com\/#organization"},"potentialAction":[{"@type":"SearchAction","target":{"@type":"EntryPoint","urlTemplate":"https:\/\/vaillancourtea.com\/?s={search_term_string}"},"query-input":{"@type":"PropertyValueSpecification","valueRequired":true,"valueName":"search_term_string"}}],"inLanguage":"en-US"},{"@type":"Organization","@id":"https:\/\/vaillancourtea.com\/#organization","name":"Chantal Vaillancourt, Courtier immobilier r\u00e9sidentiel","url":"https:\/\/vaillancourtea.com\/","logo":{"@type":"ImageObject","inLanguage":"en-US","@id":"https:\/\/vaillancourtea.com\/#\/schema\/logo\/image\/","url":"https:\/\/vaillancourtea.com\/files\/2018\/11\/RP_Logo.png","contentUrl":"https:\/\/vaillancourtea.com\/files\/2018\/11\/RP_Logo.png","width":168,"height":63,"caption":"Chantal Vaillancourt, Courtier immobilier r\u00e9sidentiel"},"image":{"@id":"https:\/\/vaillancourtea.com\/#\/schema\/logo\/image\/"}}]}},"_links":{"self":[{"href":"https:\/\/vaillancourtea.com\/en\/wp-json\/wp\/v2\/pages\/3381","targetHints":{"allow":["GET"]}}],"collection":[{"href":"https:\/\/vaillancourtea.com\/en\/wp-json\/wp\/v2\/pages"}],"about":[{"href":"https:\/\/vaillancourtea.com\/en\/wp-json\/wp\/v2\/types\/page"}],"author":[{"embeddable":true,"href":"https:\/\/vaillancourtea.com\/en\/wp-json\/wp\/v2\/users\/121"}],"replies":[{"embeddable":true,"href":"https:\/\/vaillancourtea.com\/en\/wp-json\/wp\/v2\/comments?post=3381"}],"version-history":[{"count":2,"href":"https:\/\/vaillancourtea.com\/en\/wp-json\/wp\/v2\/pages\/3381\/revisions"}],"predecessor-version":[{"id":7318,"href":"https:\/\/vaillancourtea.com\/en\/wp-json\/wp\/v2\/pages\/3381\/revisions\/7318"}],"up":[{"embeddable":true,"href":"https:\/\/vaillancourtea.com\/en\/wp-json\/wp\/v2\/pages\/3337"}],"wp:attachment":[{"href":"https:\/\/vaillancourtea.com\/en\/wp-json\/wp\/v2\/media?parent=3381"}],"curies":[{"name":"wp","href":"https:\/\/api.w.org\/{rel}","templated":true}]}}