{"id":3340,"date":"2020-03-28T15:30:27","date_gmt":"2020-03-28T19:30:27","guid":{"rendered":"https:\/\/vaillancourtea.com\/?page_id=3340"},"modified":"2023-06-27T21:56:48","modified_gmt":"2023-06-28T01:56:48","slug":"laval-ouest","status":"publish","type":"page","link":"https:\/\/vaillancourtea.com\/en\/proprietes-par-region\/laval-ouest\/","title":{"rendered":"Laval-Ouest"},"content":{"rendered":"<p><section  class=\"bg_normal \"><div class=\"layout-content text-align-left\" style=\"\"><div class=\"content\"><\/p>\n<h2><\/h2>\n<h2><img loading=\"lazy\" decoding=\"async\" class=\"alignright wp-image-3414\" src=\"https:\/\/vaillancourtea.com\/files\/2020\/04\/La-Marquise-169x300.jpg\" alt=\"Marquise Laval Ouest\" width=\"224\" height=\"397\" \/>Real Estate Agent in Laval-West (Laval Ouest)<\/h2>\n<p>Philippe Vaillancourt works as a Real Estate Agent (or Real Estate Broker as they are called here in Quebec) in and around Laval-Ouest since 2011.<\/p>\n<p>With Chantal, his spouse and business partner, and now under the Royal LePage banner, they offer human yet effective results, modern marketing promotional tools as well as knowledge of their tight knit local community. In terms of visibility, Royal LePage&#8217;s website gets about 4 million hits a month. With Vaillancourt and associates, your house will get seen&#8230; and SOLD!<\/p>\n<p>One day, you will need to see your house in Laval-Ouest. When that day comes, you may ask yourself &#8220;who is the best agent in town to sell my home?&#8221;. In this<span style=\"color: #0000ff;\"><strong> <a style=\"color: #0000ff;\" href=\"https:\/\/vaillancourtea.com\/en\/temoignages\/\" target=\"_blank\" rel=\"noopener noreferrer\">testimonials page<\/a>,<\/strong><\/span> you will find the answer to this question from their past clients.<\/p>\n<p>But before, meet Philippe and Chantal in this light video where they answer a lot of questions you may have about them.<\/p>\n<p>&nbsp;<\/p>\n<p>&nbsp;<\/p>\n<p><iframe loading=\"lazy\" title=\"Nous voici! Philippe et Chantal Vaillancourt\" width=\"500\" height=\"281\" src=\"https:\/\/www.youtube.com\/embed\/TjGFDlQ6qco?feature=oembed\" frameborder=\"0\" allow=\"accelerometer; autoplay; clipboard-write; encrypted-media; gyroscope; picture-in-picture; web-share\" referrerpolicy=\"strict-origin-when-cross-origin\" allowfullscreen><\/iframe><\/p>\n<h2>Real Estate Agents: who to chose?<\/h2>\n<p>This dynamic duo of Real Estate Brokers will give you three good reasons to choose their services:<\/p>\n<ol>\n<li>The Vaillancourt joined <strong>Royal LePage Humania<\/strong> back in 2018, the largest traditional real estate agency office in Qu\u00e9bec, and offers the best real estate services. Discover the advantages in this article (In French):\u00a0<span style=\"color: #3366ff;\"><a style=\"color: #3366ff;\" href=\"https:\/\/vaillancourtea.com\/nouvelles\/vaillancourt-associes-banniere-royal-lepage\/\"><strong>Vaillancourt &amp; associ\u00e9s maintenant sous la banni\u00e8re Royal LePage !<\/strong><\/a><\/span><\/li>\n<li><strong>You get LOCAL real estate services.<\/strong>\u00a0If you watched the video above, you will have heard the concept of &#8220;local buying&#8221; when it comes to Real Estate Brokers. It&#8217;s absolutely in your best interest to work along side professionals with know the area you located in.<\/li>\n<li><strong>Vaillancourt and associates are two agents wrapped into one<\/strong>! You get expertise from two very different professionals with very different set of skills, which means you get one SUPER agent to sell your house fast and at the best price.<\/li>\n<\/ol>\n<h2><strong>Two dynamic real estate agents, passionate and committed to you<\/strong><\/h2>\n<p>We have rarely seen real estate agents so attached to their community and the people and businesses who make it up. Together they will relate to you many of their stories.<\/p>\n<p>Philippe grew up on 33rd street in Laval-Ouest. He talks about the story of this area in his video: <span style=\"color: #0000ff;\"><strong><a style=\"color: #0000ff;\" href=\"https:\/\/vaillancourtea.com\/mon-quartier\/lhistoire-de-laval-ouest-en-320-minutes\/\">Histoire de Laval-Ouest en 3:20 minutes<\/a><\/strong><\/span> while Chantal plays you a <span style=\"color: #0000ff;\"><strong><a style=\"color: #0000ff;\" href=\"https:\/\/vaillancourtea.com\/mon-quartier\/ode-a-laval-ouest-videoclip\/\">music video with friend Daniel Doucet<\/a> <\/strong><\/span>here. Together they show you this half town half country area. Dedicated, they are entirely. Laval-Ouest has no secrets to them. This duo will take charge of your selling project and deliver the result you only dreamed of.<\/p>\n<p>&nbsp;<\/p>\n<h2>Vaillancourt et Associ\u00e9s is looking for houses in Laval-Ouest<\/h2>\n<div id=\"attachment_3415\" style=\"width: 918px\" class=\"wp-caption alignnone\"><img loading=\"lazy\" decoding=\"async\" aria-describedby=\"caption-attachment-3415\" class=\"wp-image-3415 size-full\" src=\"https:\/\/vaillancourtea.com\/files\/2020\/04\/laval-ouest.png\" alt=\"laval-west sold houses\" width=\"908\" height=\"689\" srcset=\"https:\/\/vaillancourtea.com\/files\/2020\/04\/laval-ouest.png 908w, https:\/\/vaillancourtea.com\/files\/2020\/04\/laval-ouest-300x228.png 300w, https:\/\/vaillancourtea.com\/files\/2020\/04\/laval-ouest-768x583.png 768w\" sizes=\"auto, (max-width: 908px) 100vw, 908px\" \/><p id=\"caption-attachment-3415\" class=\"wp-caption-text\">Here are just a few homes sold by Vaillancourt and associates over the years<\/p><\/div>\n<p>To answer to the need of clients looking to buy or sell a house in Saint-Eustache, Vaillancourt and associates is looking for homes or condos in Laval-Ouest, Fabreville, Sainte-Doroth\u00e9e, Saint-Eustache and Deux-Montagnes. They urgently need bungalows, semi-detached, cottages, inter-generational homes, duplexes or condo apartments. If you are ready to make a move and need a dynamic broker who knows these areas, contact Vaillancourt and associates here: (450) 314-1992.<\/p>\n<h2>Life in Laval-Ouest<\/h2>\n<p>Bordered by Fabreville, Sainte-Doroth\u00e9e, Laval-sur-le-Lac and of course, the Mille Iles river, the neighborhood of Laval-Ouest offers you the advantage of country life just a few minutes from the city and all its services. Many acitivites await you: boating, biking, kite surfing, nature walks, etc. Remember, Laval Ouest is just a few minutes from Highways 440 and 13 as well as the 640 (Saint-Eustache, Blainville, Sainte-Th\u00e9r\u00e8se) if you are into skiing, Saint-Sauveur is just 40 minutes away.<\/p>\n<p><span style=\"color: #0000ff;\"><strong><a style=\"color: #0000ff;\" href=\"https:\/\/www.laval.ca\/Pages\/Fr\/accueil.aspx\">City of Laval Website<\/a><\/strong><\/span><\/p>\n<p><span style=\"color: #0000ff;\"><strong><a style=\"color: #0000ff;\" href=\"https:\/\/www.laval.ca\/histoire-et-patrimoine\/Pages\/Fr\/laval-ouest.aspx\">Heritage of Laval Ouest<\/a><\/strong><\/span><\/p>\n<p><span style=\"color: #0000ff;\"><a style=\"color: #0000ff;\" href=\"http:\/\/www.loisirslavalouest.org\/\"><strong>Service de loisirs de Laval-Ouest<\/strong><\/a><\/span><\/p>\n<p><span style=\"color: #0000ff;\"><a style=\"color: #0000ff;\" href=\"https:\/\/www.laval.ca\/lieux\/Pages\/Fr\/arena-hartland-monahan.aspx\"><strong>Hartland-Monahan Arena<\/strong><\/a><\/span><\/p>\n<p><span style=\"color: #0000ff;\"><strong><a style=\"color: #0000ff;\" href=\"https:\/\/cclo.ca\/\">Comit\u00e9 des Citoyens de Laval-Ouest<\/a><\/strong><\/span><\/p>\n<p><a href=\"https:\/\/www.laval.ca\/dehors\/Pages\/Fr\/berge-quatre-vents.aspx\"><span style=\"color: #0000ff;\"><strong>Berge aux Quatre-Vents : Le parc<\/strong><\/span><\/a><\/p>\n<p><span style=\"color: #0000ff;\"> <a style=\"color: #0000ff;\" href=\"https:\/\/www.laval.ca\/zonesmusicales\/Pages\/Fr\/zone-berge-quatre-vents.aspx\"><strong>Zone musicale 5 &#8211; Berge aux Quatre-Vents<\/strong><\/a><\/span><\/p>\n<h2>Vaillancourt and associate&#8217;s blog about Laval-Ouest<\/h2>\n<p>This dymanic duo has written loads of articles and done many videos to help people discover the rich life of the people and businesses in Laval Ouest. We hope that you will enjoy them.<\/p>\n<p><span style=\"color: #0000ff;\"><strong><a style=\"color: #0000ff;\" href=\"https:\/\/vaillancourtea.com\/en\/mon-quartier\/10-raisons-de-decouvrir-ou-redecouvrir-la-reserve-a-laval-ouest\/\">10 reasons to discover (or rediscover) La Reserve in Laval-Ouest<\/a><\/strong><\/span><\/p>\n<p><span style=\"color: #0000ff;\"><strong><a style=\"color: #0000ff;\" href=\"https:\/\/vaillancourtea.com\/en\/mon-quartier\/english-the-9-oldest-entrepreneurial-families-of-laval-ouest\/\">The 9 oldest entrepreneurial families of Laval-Ouest<\/a><\/strong><\/span><\/p>\n<p><span style=\"color: #0000ff;\"><strong><a style=\"color: #0000ff;\" href=\"https:\/\/vaillancourtea.com\/en\/mon-quartier\/laroseelavalouest\/\">La Ros\u00e9e in Laval-Ouest: so much more than a simple boutique<\/a><\/strong><\/span><\/p>\n<p><span style=\"color: #0000ff;\"><strong><a style=\"color: #0000ff;\" href=\"https:\/\/vaillancourtea.com\/en\/mon-quartier\/mes-7-sentiers-pedestres-preferes-dans-louest-de-laval\/\">7 neat places to hike in West Laval<\/a><\/strong><\/span><\/p>\n<p><span style=\"color: #0000ff;\"><strong><a style=\"color: #0000ff;\" href=\"https:\/\/vaillancourtea.com\/mon-quartier\/8-choses-surprendrons-maison-jeunes-de-laval-ouest-mdjlo\/\">La maison des jeunes \u00e0 Laval-Ouest (French)<\/a><\/strong><\/span><\/p>\n<p><span style=\"color: #0000ff;\"><strong><a style=\"color: #0000ff;\" href=\"https:\/\/vaillancourtea.com\/mon-quartier\/nos-voisins-fantastiques-steven-barkley-laval-ouest\/\">Nos voisins fantastiques : Steven Barkley in Laval Ouest (French)<\/a><\/strong><\/span><\/p>\n<p><span style=\"color: #0000ff;\"><strong><a style=\"color: #0000ff;\" href=\"https:\/\/vaillancourtea.com\/mon-quartier\/lhistoire-de-la-marquise-a-laval-ouest\/\">L\u2019histoire de la Marquise \u00e0 Laval-Ouest (French)<\/a><\/strong><\/span><\/p>\n<p><span style=\"color: #0000ff;\"><strong><a style=\"color: #0000ff;\" href=\"https:\/\/vaillancourtea.com\/mon-quartier\/une-patisserie-sans-gluten-a-laval-ouest-une-folie\/\">Une p\u00e2tisserie sans-gluten \u00e0 Laval-Ouest\u2026 une folie ? (French)<\/a><\/strong><\/span><\/p>\n<p><span style=\"color: #0000ff;\"><strong><a style=\"color: #0000ff;\" href=\"https:\/\/vaillancourtea.com\/mon-quartier\/un-facial-a-laval-ouest-et-la-decouverte-dune-vraie-girlboss\/\">L&#8217;acalmie \u00e0 Laval-Ouest et la d\u00e9couverte d&#8217;une vraie Girlboss (French)<\/a><\/strong><\/span><\/p>\n<p style=\"text-align: center;\"><\/div><\/div><\/section><\/p>\n<p><\/p>","protected":false},"excerpt":{"rendered":"","protected":false},"author":121,"featured_media":0,"parent":3337,"menu_order":0,"comment_status":"closed","ping_status":"closed","template":"t_listings.php","meta":{"_acf_changed":false,"footnotes":""},"class_list":["post-3340","page","type-page","status-publish","hentry"],"acf":[],"yoast_head":"<!-- This site is optimized with the Yoast SEO plugin v26.7 - https:\/\/yoast.com\/wordpress\/plugins\/seo\/ -->\n<title>Courtier immobilier Laval-Ouest | Chantal Vaillancourt<\/title>\n<meta name=\"description\" content=\"Pour vendre ou acheter une maison ou un condo dans Laval-Ouest, appelez Chantal Vaillancourt, courtier immobilier r\u00e9sidentiel Royal Lepage : 450-314-1992.\" \/>\n<meta name=\"robots\" content=\"index, follow, max-snippet:-1, max-image-preview:large, max-video-preview:-1\" \/>\n<link rel=\"canonical\" href=\"https:\/\/vaillancourtea.com\/proprietes-par-region\/laval-ouest\/\" \/>\n<meta property=\"og:locale\" content=\"en_US\" \/>\n<meta property=\"og:type\" content=\"article\" \/>\n<meta property=\"og:title\" content=\"Courtier immobilier Laval-Ouest | Chantal Vaillancourt\" \/>\n<meta property=\"og:description\" content=\"Pour vendre ou acheter une maison ou un condo dans Laval-Ouest, appelez Chantal Vaillancourt, courtier immobilier r\u00e9sidentiel Royal Lepage : 450-314-1992.\" \/>\n<meta property=\"og:url\" content=\"https:\/\/vaillancourtea.com\/proprietes-par-region\/laval-ouest\/\" \/>\n<meta property=\"og:site_name\" content=\"Vaillancourt et Ass. | Courtier immobilier Laval - Rive-Nord\" \/>\n<meta property=\"article:modified_time\" content=\"2023-06-28T01:56:48+00:00\" \/>\n<meta property=\"og:image\" content=\"https:\/\/vaillancourtea.com\/files\/2023\/06\/LaMarquiseLavalOuest.jpg\" \/>\n<meta name=\"twitter:card\" content=\"summary_large_image\" \/>\n<meta name=\"twitter:label1\" content=\"Est. reading time\" \/>\n\t<meta name=\"twitter:data1\" content=\"5 minutes\" \/>\n<script type=\"application\/ld+json\" class=\"yoast-schema-graph\">{\"@context\":\"https:\/\/schema.org\",\"@graph\":[{\"@type\":\"WebPage\",\"@id\":\"https:\/\/vaillancourtea.com\/proprietes-par-region\/laval-ouest\/\",\"url\":\"https:\/\/vaillancourtea.com\/proprietes-par-region\/laval-ouest\/\",\"name\":\"Courtier immobilier Laval-Ouest | Chantal Vaillancourt\",\"isPartOf\":{\"@id\":\"https:\/\/vaillancourtea.com\/#website\"},\"primaryImageOfPage\":{\"@id\":\"https:\/\/vaillancourtea.com\/proprietes-par-region\/laval-ouest\/#primaryimage\"},\"image\":{\"@id\":\"https:\/\/vaillancourtea.com\/proprietes-par-region\/laval-ouest\/#primaryimage\"},\"thumbnailUrl\":\"https:\/\/vaillancourtea.com\/files\/2023\/06\/LaMarquiseLavalOuest.jpg\",\"datePublished\":\"2020-03-28T19:30:27+00:00\",\"dateModified\":\"2023-06-28T01:56:48+00:00\",\"description\":\"Pour vendre ou acheter une maison ou un condo dans Laval-Ouest, appelez Chantal Vaillancourt, courtier immobilier r\u00e9sidentiel Royal Lepage : 450-314-1992.\",\"breadcrumb\":{\"@id\":\"https:\/\/vaillancourtea.com\/proprietes-par-region\/laval-ouest\/#breadcrumb\"},\"inLanguage\":\"en-US\",\"potentialAction\":[{\"@type\":\"ReadAction\",\"target\":[\"https:\/\/vaillancourtea.com\/proprietes-par-region\/laval-ouest\/\"]}]},{\"@type\":\"ImageObject\",\"inLanguage\":\"en-US\",\"@id\":\"https:\/\/vaillancourtea.com\/proprietes-par-region\/laval-ouest\/#primaryimage\",\"url\":\"https:\/\/vaillancourtea.com\/files\/2023\/06\/LaMarquiseLavalOuest.jpg\",\"contentUrl\":\"https:\/\/vaillancourtea.com\/files\/2023\/06\/LaMarquiseLavalOuest.jpg\"},{\"@type\":\"BreadcrumbList\",\"@id\":\"https:\/\/vaillancourtea.com\/proprietes-par-region\/laval-ouest\/#breadcrumb\",\"itemListElement\":[{\"@type\":\"ListItem\",\"position\":1,\"name\":\"Accueil\",\"item\":\"https:\/\/vaillancourtea.com\/\"},{\"@type\":\"ListItem\",\"position\":2,\"name\":\"Propri\u00e9t\u00e9s par r\u00e9gion\",\"item\":\"https:\/\/vaillancourtea.com\/proprietes-par-region\/\"},{\"@type\":\"ListItem\",\"position\":3,\"name\":\"Laval-Ouest\"}]},{\"@type\":\"WebSite\",\"@id\":\"https:\/\/vaillancourtea.com\/#website\",\"url\":\"https:\/\/vaillancourtea.com\/\",\"name\":\"Vaillancourt et Ass. | Courtier immobilier Laval - Rive-Nord\",\"description\":\"\",\"publisher\":{\"@id\":\"https:\/\/vaillancourtea.com\/#organization\"},\"potentialAction\":[{\"@type\":\"SearchAction\",\"target\":{\"@type\":\"EntryPoint\",\"urlTemplate\":\"https:\/\/vaillancourtea.com\/?s={search_term_string}\"},\"query-input\":{\"@type\":\"PropertyValueSpecification\",\"valueRequired\":true,\"valueName\":\"search_term_string\"}}],\"inLanguage\":\"en-US\"},{\"@type\":\"Organization\",\"@id\":\"https:\/\/vaillancourtea.com\/#organization\",\"name\":\"Chantal Vaillancourt, Courtier immobilier r\u00e9sidentiel\",\"url\":\"https:\/\/vaillancourtea.com\/\",\"logo\":{\"@type\":\"ImageObject\",\"inLanguage\":\"en-US\",\"@id\":\"https:\/\/vaillancourtea.com\/#\/schema\/logo\/image\/\",\"url\":\"https:\/\/vaillancourtea.com\/files\/2018\/11\/RP_Logo.png\",\"contentUrl\":\"https:\/\/vaillancourtea.com\/files\/2018\/11\/RP_Logo.png\",\"width\":168,\"height\":63,\"caption\":\"Chantal Vaillancourt, Courtier immobilier r\u00e9sidentiel\"},\"image\":{\"@id\":\"https:\/\/vaillancourtea.com\/#\/schema\/logo\/image\/\"}}]}<\/script>\n<!-- \/ Yoast SEO plugin. -->","yoast_head_json":{"title":"Courtier immobilier Laval-Ouest | Chantal Vaillancourt","description":"Pour vendre ou acheter une maison ou un condo dans Laval-Ouest, appelez Chantal Vaillancourt, courtier immobilier r\u00e9sidentiel Royal Lepage : 450-314-1992.","robots":{"index":"index","follow":"follow","max-snippet":"max-snippet:-1","max-image-preview":"max-image-preview:large","max-video-preview":"max-video-preview:-1"},"canonical":"https:\/\/vaillancourtea.com\/proprietes-par-region\/laval-ouest\/","og_locale":"en_US","og_type":"article","og_title":"Courtier immobilier Laval-Ouest | Chantal Vaillancourt","og_description":"Pour vendre ou acheter une maison ou un condo dans Laval-Ouest, appelez Chantal Vaillancourt, courtier immobilier r\u00e9sidentiel Royal Lepage : 450-314-1992.","og_url":"https:\/\/vaillancourtea.com\/proprietes-par-region\/laval-ouest\/","og_site_name":"Vaillancourt et Ass. | Courtier immobilier Laval - Rive-Nord","article_modified_time":"2023-06-28T01:56:48+00:00","og_image":[{"url":"https:\/\/vaillancourtea.com\/files\/2023\/06\/LaMarquiseLavalOuest.jpg","type":"","width":"","height":""}],"twitter_card":"summary_large_image","twitter_misc":{"Est. reading time":"5 minutes"},"schema":{"@context":"https:\/\/schema.org","@graph":[{"@type":"WebPage","@id":"https:\/\/vaillancourtea.com\/proprietes-par-region\/laval-ouest\/","url":"https:\/\/vaillancourtea.com\/proprietes-par-region\/laval-ouest\/","name":"Courtier immobilier Laval-Ouest | Chantal Vaillancourt","isPartOf":{"@id":"https:\/\/vaillancourtea.com\/#website"},"primaryImageOfPage":{"@id":"https:\/\/vaillancourtea.com\/proprietes-par-region\/laval-ouest\/#primaryimage"},"image":{"@id":"https:\/\/vaillancourtea.com\/proprietes-par-region\/laval-ouest\/#primaryimage"},"thumbnailUrl":"https:\/\/vaillancourtea.com\/files\/2023\/06\/LaMarquiseLavalOuest.jpg","datePublished":"2020-03-28T19:30:27+00:00","dateModified":"2023-06-28T01:56:48+00:00","description":"Pour vendre ou acheter une maison ou un condo dans Laval-Ouest, appelez Chantal Vaillancourt, courtier immobilier r\u00e9sidentiel Royal Lepage : 450-314-1992.","breadcrumb":{"@id":"https:\/\/vaillancourtea.com\/proprietes-par-region\/laval-ouest\/#breadcrumb"},"inLanguage":"en-US","potentialAction":[{"@type":"ReadAction","target":["https:\/\/vaillancourtea.com\/proprietes-par-region\/laval-ouest\/"]}]},{"@type":"ImageObject","inLanguage":"en-US","@id":"https:\/\/vaillancourtea.com\/proprietes-par-region\/laval-ouest\/#primaryimage","url":"https:\/\/vaillancourtea.com\/files\/2023\/06\/LaMarquiseLavalOuest.jpg","contentUrl":"https:\/\/vaillancourtea.com\/files\/2023\/06\/LaMarquiseLavalOuest.jpg"},{"@type":"BreadcrumbList","@id":"https:\/\/vaillancourtea.com\/proprietes-par-region\/laval-ouest\/#breadcrumb","itemListElement":[{"@type":"ListItem","position":1,"name":"Accueil","item":"https:\/\/vaillancourtea.com\/"},{"@type":"ListItem","position":2,"name":"Propri\u00e9t\u00e9s par r\u00e9gion","item":"https:\/\/vaillancourtea.com\/proprietes-par-region\/"},{"@type":"ListItem","position":3,"name":"Laval-Ouest"}]},{"@type":"WebSite","@id":"https:\/\/vaillancourtea.com\/#website","url":"https:\/\/vaillancourtea.com\/","name":"Vaillancourt et Ass. | Courtier immobilier Laval - Rive-Nord","description":"","publisher":{"@id":"https:\/\/vaillancourtea.com\/#organization"},"potentialAction":[{"@type":"SearchAction","target":{"@type":"EntryPoint","urlTemplate":"https:\/\/vaillancourtea.com\/?s={search_term_string}"},"query-input":{"@type":"PropertyValueSpecification","valueRequired":true,"valueName":"search_term_string"}}],"inLanguage":"en-US"},{"@type":"Organization","@id":"https:\/\/vaillancourtea.com\/#organization","name":"Chantal Vaillancourt, Courtier immobilier r\u00e9sidentiel","url":"https:\/\/vaillancourtea.com\/","logo":{"@type":"ImageObject","inLanguage":"en-US","@id":"https:\/\/vaillancourtea.com\/#\/schema\/logo\/image\/","url":"https:\/\/vaillancourtea.com\/files\/2018\/11\/RP_Logo.png","contentUrl":"https:\/\/vaillancourtea.com\/files\/2018\/11\/RP_Logo.png","width":168,"height":63,"caption":"Chantal Vaillancourt, Courtier immobilier r\u00e9sidentiel"},"image":{"@id":"https:\/\/vaillancourtea.com\/#\/schema\/logo\/image\/"}}]}},"_links":{"self":[{"href":"https:\/\/vaillancourtea.com\/en\/wp-json\/wp\/v2\/pages\/3340","targetHints":{"allow":["GET"]}}],"collection":[{"href":"https:\/\/vaillancourtea.com\/en\/wp-json\/wp\/v2\/pages"}],"about":[{"href":"https:\/\/vaillancourtea.com\/en\/wp-json\/wp\/v2\/types\/page"}],"author":[{"embeddable":true,"href":"https:\/\/vaillancourtea.com\/en\/wp-json\/wp\/v2\/users\/121"}],"replies":[{"embeddable":true,"href":"https:\/\/vaillancourtea.com\/en\/wp-json\/wp\/v2\/comments?post=3340"}],"version-history":[{"count":2,"href":"https:\/\/vaillancourtea.com\/en\/wp-json\/wp\/v2\/pages\/3340\/revisions"}],"predecessor-version":[{"id":6008,"href":"https:\/\/vaillancourtea.com\/en\/wp-json\/wp\/v2\/pages\/3340\/revisions\/6008"}],"up":[{"embeddable":true,"href":"https:\/\/vaillancourtea.com\/en\/wp-json\/wp\/v2\/pages\/3337"}],"wp:attachment":[{"href":"https:\/\/vaillancourtea.com\/en\/wp-json\/wp\/v2\/media?parent=3340"}],"curies":[{"name":"wp","href":"https:\/\/api.w.org\/{rel}","templated":true}]}}